{"id":13103,"date":"2020-10-12T16:29:05","date_gmt":"2020-10-12T16:29:05","guid":{"rendered":"http:\/\/web2020.livelihoods.eu\/qui-sommes-nous\/histoire\/"},"modified":"2022-08-17T12:52:44","modified_gmt":"2022-08-17T12:52:44","slug":"histoire","status":"publish","type":"page","link":"https:\/\/livelihoods.eu\/fr\/qui-sommes-nous\/histoire\/","title":{"rendered":"Histoire"},"content":{"rendered":"\t\t<div data-elementor-type=\"wp-page\" data-elementor-id=\"13103\" class=\"elementor elementor-13103 elementor-12203\" data-elementor-post-type=\"page\">\n\t\t\t\t\t\t<section class=\"elementor-section elementor-top-section elementor-element elementor-element-90bf2fc elementor-section-height-min-height elementor-section-boxed elementor-section-height-default elementor-section-items-middle\" data-id=\"90bf2fc\" data-element_type=\"section\" data-e-type=\"section\" data-settings=\"{&quot;background_background&quot;:&quot;classic&quot;,&quot;shape_divider_bottom&quot;:&quot;waves&quot;}\">\n\t\t\t\t\t\t\t<div class=\"elementor-background-overlay\"><\/div>\n\t\t\t\t\t\t<div class=\"elementor-shape elementor-shape-bottom\" aria-hidden=\"true\" data-negative=\"false\">\n\t\t\t<svg xmlns=\"http:\/\/www.w3.org\/2000\/svg\" viewBox=\"0 0 1000 100\" preserveAspectRatio=\"none\">\n\t<path class=\"elementor-shape-fill\" d=\"M421.9,6.5c22.6-2.5,51.5,0.4,75.5,5.3c23.6,4.9,70.9,23.5,100.5,35.7c75.8,32.2,133.7,44.5,192.6,49.7\n\tc23.6,2.1,48.7,3.5,103.4-2.5c54.7-6,106.2-25.6,106.2-25.6V0H0v30.3c0,0,72,32.6,158.4,30.5c39.2-0.7,92.8-6.7,134-22.4\n\tc21.2-8.1,52.2-18.2,79.7-24.2C399.3,7.9,411.6,7.5,421.9,6.5z\"\/>\n<\/svg>\t\t<\/div>\n\t\t\t\t\t<div class=\"elementor-container elementor-column-gap-default\">\n\t\t\t\t\t<div class=\"elementor-column elementor-col-100 elementor-top-column elementor-element elementor-element-3a26b45\" data-id=\"3a26b45\" data-element_type=\"column\" data-e-type=\"column\">\n\t\t\t<div class=\"elementor-widget-wrap elementor-element-populated\">\n\t\t\t\t\t\t<div class=\"elementor-element elementor-element-1173bd7 elementor-widget elementor-widget-heading\" data-id=\"1173bd7\" data-element_type=\"widget\" data-e-type=\"widget\" data-widget_type=\"heading.default\">\n\t\t\t\t<div class=\"elementor-widget-container\">\n\t\t\t\t\t<h1 class=\"elementor-heading-title elementor-size-default\">Notre histoire<\/h1>\t\t\t\t<\/div>\n\t\t\t\t<\/div>\n\t\t\t\t<div class=\"elementor-element elementor-element-8c34975 elementor-widget elementor-widget-heading\" data-id=\"8c34975\" data-element_type=\"widget\" data-e-type=\"widget\" data-widget_type=\"heading.default\">\n\t\t\t\t<div class=\"elementor-widget-container\">\n\t\t\t\t\t<h3 class=\"elementor-heading-title elementor-size-default\">Tirer les le\u00e7ons de l'exp\u00e9rience terrain pour g\u00e9n\u00e9rer plus d'impact<\/h3>\t\t\t\t<\/div>\n\t\t\t\t<\/div>\n\t\t\t\t\t<\/div>\n\t\t<\/div>\n\t\t\t\t\t<\/div>\n\t\t<\/section>\n\t\t\t\t<section class=\"elementor-section elementor-top-section elementor-element elementor-element-63d42a1 elementor-section-boxed elementor-section-height-default elementor-section-height-default\" data-id=\"63d42a1\" data-element_type=\"section\" data-e-type=\"section\">\n\t\t\t\t\t\t<div class=\"elementor-container elementor-column-gap-default\">\n\t\t\t\t\t<div class=\"elementor-column elementor-col-100 elementor-top-column elementor-element elementor-element-15dd9c1\" data-id=\"15dd9c1\" data-element_type=\"column\" data-e-type=\"column\">\n\t\t\t<div class=\"elementor-widget-wrap elementor-element-populated\">\n\t\t\t\t\t\t<div class=\"elementor-element elementor-element-316e648 ee-timeline-cards-align--middle lh-history ee-timeline-align--center ee-timeline-align-tablet--left ee-timeline-align-mobile--left ee-timeline-cards-align-tablet--top ee-timeline-cards-align-mobile--top ee-timeline-animate elementor-widget elementor-widget-timeline\" data-id=\"316e648\" data-element_type=\"widget\" data-e-type=\"widget\" data-settings=\"{&quot;line_location&quot;:{&quot;unit&quot;:&quot;px&quot;,&quot;size&quot;:50,&quot;sizes&quot;:[]}}\" data-widget_type=\"timeline.default\">\n\t\t\t\t<div class=\"elementor-widget-container\">\n\t\t\t\t\t<section class=\"ee-timeline ee-timeline--vertical\"><div class=\"ee-timeline__line\">\n\t\t\t<div class=\"ee-timeline__line__inner\"><\/div>\n\t\t<\/div><div class=\"elementor-repeater-item-c5a9901 ee-timeline__item timeline-item\">\n\t\t\t\t<div class=\"timeline-item__point\"><span class=\"ee-icon ee-icon-support--svg ee-timeline__item__icon\"><i aria-hidden=\"true\" class=\"fas fa-calendar-alt\"><\/i><\/span><\/div>\n\t\t\t\t<div class=\"timeline-item__card-wrapper\">\n\t\t\t\t\t<div class=\"timeline-item__card\">\n\n\t\t\t\t\t\t<div class=\"timeline-item__content-wrapper\"><div class=\"timeline-item__content\"><!-- meta -->\n\t\t<div class=\"timeline-item__meta meta\">\n\t\t\t2008\t\t<\/div><div class=\"timeline-item__content__wysiwyg\">\n\t\t\t\t<h3>Le Fonds Danone pour la Nature<\/h3>\n<p>En 2008, le Groupe Danone, la Convention sur les zones humides de Ramsar et l\u2019Union Internationale pour la Conservation de la Nature (UICN) ont cr\u00e9\u00e9 le Fonds Danone pour la nature (FDN) avec les objectifs suivants : restaurer les \u00e9cosyst\u00e8mes d\u00e9grad\u00e9s, red\u00e9velopper les \u00e9conomies locales et combattre le changement climatique.<\/p>\n<p>Pour Danone, il \u00e9tait n\u00e9cessaire d\u2019offrir aux entreprises un nouveau mod\u00e8le o\u00f9 elles \u00e9taient actrices du d\u00e9veloppement durable au lieu de simplement acheter des cr\u00e9dits carbone. Le mod\u00e8le imagin\u00e9 par Danone leur proposait de collaborer directement avec des d\u00e9veloppeurs de projets pour d\u00e9velopper des projets \u00e0 fort impact social, environnemental et \u00e9conomique, qui g\u00e9n\u00e8rent en m\u00eame temps des cr\u00e9dits carbone \u00e0 forte valeur ajout\u00e9e.<\/p>\n\t\t\t<\/div>\n\t\t<\/div><\/div><div class=\"timeline-item__card__arrow\"><\/div><\/div>\n\t\t\t\t<\/div>\n\t\t\t\t<div class=\"timeline-item__meta-wrapper\"><!-- meta -->\n\t\t<div class=\"timeline-item__meta meta timeline-item__meta meta\">\n\t\t\t2008\t\t<\/div><\/div>\n\t\t\t<\/div><div class=\"elementor-repeater-item-1cc012e ee-timeline__item timeline-item\">\n\t\t\t\t<div class=\"timeline-item__point\"><span class=\"ee-icon ee-icon-support--svg ee-timeline__item__icon\"><i aria-hidden=\"true\" class=\"fas fa-calendar-alt\"><\/i><\/span><\/div>\n\t\t\t\t<div class=\"timeline-item__card-wrapper\">\n\t\t\t\t\t<div class=\"timeline-item__card\">\n\n\t\t\t\t\t\t<div class=\"timeline-item__content-wrapper\"><div class=\"timeline-item__content\"><!-- meta -->\n\t\t<div class=\"timeline-item__meta meta\">\n\t\t\t2011\t\t<\/div><div class=\"timeline-item__content__wysiwyg\">\n\t\t\t\t<h3>Le Fonds Carbone Livelihoods (LCF)<\/h3>\n<p>Apr\u00e8s le succ\u00e8s du projet de restauration de mangroves au S\u00e9n\u00e9gal (le plus grand au monde \u00e0 l\u2019\u00e9poque), Danone a d\u00e9cid\u00e9 d\u2019ouvrir le fonds \u00e0 de nouveaux investisseurs afin d\u2019augmenter encore sa port\u00e9e. Rebaptis\u00e9 Fonds Carbone Livelihoods, le Fonds Danone pour la nature est devenu ind\u00e9pendant en 2011. Neuf autres entreprises l\u2019ont rejoint depuis : Schneider Electric, Cr\u00e9dit Agricole S.A., Michelin, Herm\u00e8s, SAP, CDC Climat, La Poste, Firmenich, Voyageurs du Monde.<\/p>\n<p><a href=\"https:\/\/livelihoods.eu\/fr\/lcf\/\">En savoir plus sur LCF<\/a><\/p>\n\t\t\t<\/div>\n\t\t<\/div><\/div><div class=\"timeline-item__card__arrow\"><\/div><\/div>\n\t\t\t\t<\/div>\n\t\t\t\t<div class=\"timeline-item__meta-wrapper\"><!-- meta -->\n\t\t<div class=\"timeline-item__meta meta timeline-item__meta meta\">\n\t\t\t2011\t\t<\/div><\/div>\n\t\t\t<\/div><div class=\"elementor-repeater-item-0bbda3a ee-timeline__item timeline-item\">\n\t\t\t\t<div class=\"timeline-item__point\"><span class=\"ee-icon ee-icon-support--svg ee-timeline__item__icon\"><i aria-hidden=\"true\" class=\"fas fa-calendar-alt\"><\/i><\/span><\/div>\n\t\t\t\t<div class=\"timeline-item__card-wrapper\">\n\t\t\t\t\t<div class=\"timeline-item__card\">\n\n\t\t\t\t\t\t<div class=\"timeline-item__content-wrapper\"><div class=\"timeline-item__content\"><!-- meta -->\n\t\t<div class=\"timeline-item__meta meta\">\n\t\t\t2015\t\t<\/div><div class=\"timeline-item__content__wysiwyg\">\n\t\t\t\t<h3>Le Fonds Livelihoods pour l&rsquo;Agriculture Familiale (L3F)<\/h3>\n<p>Prolongeant l\u2019exp\u00e9rience du Fonds Carbone Livelihoods, un 2\u00e8me fonds a \u00e9t\u00e9 cr\u00e9\u00e9 en 2015 : le Fonds Livelihoods pour l\u2019Agriculture Familiale (Livelihoods 3F). L&rsquo;objectif du fonds L3F est dans la continuit\u00e9 des Fonds Carbone Livelihoods : restaurer des \u00e9cosyst\u00e8mes naturels n\u00e9cessaires \u00e0 l&rsquo;\u00e9quilibre \u00e9cologique et am\u00e9liorer les conditions de vie et les revenus des petits exploitants agricoles. En plus de contribuer \u00e0 l\u2019am\u00e9lioration durable des revenus et des conditions de vie des communaut\u00e9s rurales, l\u2019objectif de L3F d\u2019accompagner les entreprises dans la transformation durable de leurs chaines d\u2019approvisionnement aupr\u00e8s des petites exploitations familiales. Danone, Mars Incorporated, Firmenich et Veolia font partie des investisseurs du fonds L3F.<\/p>\n<p><a href=\"https:\/\/livelihoods.eu\/fr\/?page_id=12569\">En savoir plus sur L3F<\/a><\/p>\n\t\t\t<\/div>\n\t\t<\/div><\/div><div class=\"timeline-item__card__arrow\"><\/div><\/div>\n\t\t\t\t<\/div>\n\t\t\t\t<div class=\"timeline-item__meta-wrapper\"><!-- meta -->\n\t\t<div class=\"timeline-item__meta meta timeline-item__meta meta\">\n\t\t\t2015\t\t<\/div><\/div>\n\t\t\t<\/div><div class=\"elementor-repeater-item-32e077f ee-timeline__item timeline-item\">\n\t\t\t\t<div class=\"timeline-item__point\"><span class=\"ee-icon ee-icon-support--svg ee-timeline__item__icon\"><i aria-hidden=\"true\" class=\"fas fa-calendar-alt\"><\/i><\/span><\/div>\n\t\t\t\t<div class=\"timeline-item__card-wrapper\">\n\t\t\t\t\t<div class=\"timeline-item__card\">\n\n\t\t\t\t\t\t<div class=\"timeline-item__content-wrapper\"><div class=\"timeline-item__content\"><!-- meta -->\n\t\t<div class=\"timeline-item__meta meta\">\n\t\t\t2017\t\t<\/div><div class=\"timeline-item__content__wysiwyg\">\n\t\t\t\t<h3>Le Fonds Carbone Livelihoods #2<\/h3>\n<p>Cr\u00e9dit Agricole, Danone, Firmenich, Herm\u00e8s, Michelin, SAP, Schneider Electric et Voyageurs du Monde, motiv\u00e9es par les r\u00e9sultats obtenus par le premier Fonds Carbone Livelihoods, acc\u00e9l\u00e8rent leur engagement pour le climat et les communaut\u00e9s les plus vuln\u00e9rables avec un nouveau Fonds Carbone Livelihoods. Engag\u00e9 \u00e0 atteindre la neutralit\u00e9 carbone d&rsquo;ici 2025, Eurofins a rejoint le Fonds Carbone Livelihoods #2 en 2019.<br \/>Ce nouveau fonds d\u2019investissement \u00e0 impact, avec un objectif de 100 millions d\u2019euros d\u2019investissement, vise \u00e0 am\u00e9liorer les conditions de vie de plus de 2 millions de personnes et \u00e0 \u00e9viter l\u2019\u00e9mission de 25 millions de tonnes de CO2 sur 20 ans.<\/p>\n<p><a href=\"https:\/\/livelihoods.eu\/fr\/lcf\/\">En savoir plus sur LCF2<\/a><\/p>\n\t\t\t<\/div>\n\t\t<\/div><\/div><div class=\"timeline-item__card__arrow\"><\/div><\/div>\n\t\t\t\t<\/div>\n\t\t\t\t<div class=\"timeline-item__meta-wrapper\"><!-- meta -->\n\t\t<div class=\"timeline-item__meta meta timeline-item__meta meta\">\n\t\t\t2017\t\t<\/div><\/div>\n\t\t\t<\/div><div class=\"elementor-repeater-item-57b2bca ee-timeline__item timeline-item\">\n\t\t\t\t<div class=\"timeline-item__point\"><span class=\"ee-icon ee-icon-support--svg ee-timeline__item__icon\"><i aria-hidden=\"true\" class=\"fas fa-calendar-alt\"><\/i><\/span><\/div>\n\t\t\t\t<div class=\"timeline-item__card-wrapper\">\n\t\t\t\t\t<div class=\"timeline-item__card\">\n\n\t\t\t\t\t\t<div class=\"timeline-item__content-wrapper\"><div class=\"timeline-item__content\"><!-- meta -->\n\t\t<div class=\"timeline-item__meta meta\">\n\t\t\t2021\t\t<\/div><div class=\"timeline-item__content__wysiwyg\">\n\t\t\t\t<h2>Le Fonds Carbone Livelihoods #3<\/h2><p>Capitalisant sur une exp\u00e9rience de 10 ans avec les entreprises, Livelihoods a cr\u00e9e un troisi\u00e8me fonds carbone pour aider les entreprises, les investisseurs financiers et les villes \u00e0 acc\u00e9l\u00e9rer l&rsquo;action climatique et \u00e0 g\u00e9n\u00e9rer un impact social \u00e0 grande \u00e9chelle. Avec un objectif d\u2019investissement de 150 millions d\u2019euros pour am\u00e9liorer la vie de 2 millions de b\u00e9n\u00e9ficiaires dans les pays en d\u00e9veloppement, ce nouveau fonds carbone soutient des projets pour la restauration des \u00e9cosyst\u00e8mes naturels, l\u2019agroforesterie et l\u2019agriculture r\u00e9g\u00e9n\u00e9rative en impliquant fortement les communaut\u00e9s rurales.<\/p><p><a href=\"https:\/\/livelihoods.eu\/fr\/lcf\">En savoir plus sur LCF3<\/a><\/p>\t\t\t<\/div>\n\t\t<\/div><\/div><div class=\"timeline-item__card__arrow\"><\/div><\/div>\n\t\t\t\t<\/div>\n\t\t\t\t<div class=\"timeline-item__meta-wrapper\"><!-- meta -->\n\t\t<div class=\"timeline-item__meta meta timeline-item__meta meta\">\n\t\t\t2021\t\t<\/div><\/div>\n\t\t\t<\/div><\/section>\t\t\t\t<\/div>\n\t\t\t\t<\/div>\n\t\t\t\t\t<\/div>\n\t\t<\/div>\n\t\t\t\t\t<\/div>\n\t\t<\/section>\n\t\t\t\t<\/div>\n\t\t","protected":false},"excerpt":{"rendered":"<p>Notre histoire Tirer les le\u00e7ons de l&rsquo;exp\u00e9rience terrain pour g\u00e9n\u00e9rer plus d&rsquo;impact 2008 Le Fonds Danone pour la Nature En 2008, le Groupe Danone, la Convention sur les zones humides de Ramsar et l\u2019Union Internationale pour la Conservation de la Nature (UICN) ont cr\u00e9\u00e9 le Fonds Danone pour la nature (FDN) avec les objectifs suivants [&hellip;]<\/p>\n","protected":false},"author":6,"featured_media":0,"parent":2673,"menu_order":0,"comment_status":"closed","ping_status":"closed","template":"","meta":{"_acf_changed":false,"_monsterinsights_skip_tracking":false,"_monsterinsights_sitenote_active":false,"_monsterinsights_sitenote_note":"","_monsterinsights_sitenote_category":0,"iawp_total_views":85,"footnotes":""},"class_list":["post-13103","page","type-page","status-publish","hentry"],"acf":[],"aioseo_notices":[],"_links":{"self":[{"href":"https:\/\/livelihoods.eu\/fr\/wp-json\/wp\/v2\/pages\/13103","targetHints":{"allow":["GET"]}}],"collection":[{"href":"https:\/\/livelihoods.eu\/fr\/wp-json\/wp\/v2\/pages"}],"about":[{"href":"https:\/\/livelihoods.eu\/fr\/wp-json\/wp\/v2\/types\/page"}],"author":[{"embeddable":true,"href":"https:\/\/livelihoods.eu\/fr\/wp-json\/wp\/v2\/users\/6"}],"replies":[{"embeddable":true,"href":"https:\/\/livelihoods.eu\/fr\/wp-json\/wp\/v2\/comments?post=13103"}],"version-history":[{"count":7,"href":"https:\/\/livelihoods.eu\/fr\/wp-json\/wp\/v2\/pages\/13103\/revisions"}],"predecessor-version":[{"id":16813,"href":"https:\/\/livelihoods.eu\/fr\/wp-json\/wp\/v2\/pages\/13103\/revisions\/16813"}],"up":[{"embeddable":true,"href":"https:\/\/livelihoods.eu\/fr\/wp-json\/wp\/v2\/pages\/2673"}],"wp:attachment":[{"href":"https:\/\/livelihoods.eu\/fr\/wp-json\/wp\/v2\/media?parent=13103"}],"curies":[{"name":"wp","href":"https:\/\/api.w.org\/{rel}","templated":true}]}}