{"id":2673,"date":"2014-06-18T10:36:19","date_gmt":"2014-06-18T10:36:19","guid":{"rendered":"http:\/\/web2020.livelihoods.eu\/?page_id=2673"},"modified":"2016-07-11T10:16:21","modified_gmt":"2016-07-11T10:16:21","slug":"qui-sommes-nous","status":"publish","type":"page","link":"https:\/\/livelihoods.eu\/fr\/qui-sommes-nous\/","title":{"rendered":"Qui sommes-nous ?"},"content":{"rendered":"<p>[vc_row type=\u00a0\u00bbin_container\u00a0\u00bb scene_position=\u00a0\u00bbcenter\u00a0\u00bb text_color=\u00a0\u00bbdark\u00a0\u00bb text_align=\u00a0\u00bbleft\u00a0\u00bb overlay_strength=\u00a0\u00bb0.3&Prime;][vc_column column_padding=\u00a0\u00bbno-extra-padding\u00a0\u00bb column_padding_position=\u00a0\u00bball\u00a0\u00bb background_color_opacity=\u00a0\u00bb1&Prime; background_hover_color_opacity=\u00a0\u00bb1&Prime; width=\u00a0\u00bb1\/1&Prime;][nectar_slider location=\u00a0\u00bbAbout Us\u00a0\u00bb full_width=\u00a0\u00bbtrue\u00a0\u00bb overall_style=\u00a0\u00bbclassic\u00a0\u00bb slider_transition=\u00a0\u00bbslide\u00a0\u00bb button_sizing=\u00a0\u00bbregular\u00a0\u00bb slider_height=\u00a0\u00bb700&Prime;][\/vc_column][\/vc_row][vc_row type=\u00a0\u00bbin_container\u00a0\u00bb scene_position=\u00a0\u00bbcenter\u00a0\u00bb text_color=\u00a0\u00bbdark\u00a0\u00bb text_align=\u00a0\u00bbleft\u00a0\u00bb overlay_strength=\u00a0\u00bb0.3&Prime;][vc_column column_padding=\u00a0\u00bbno-extra-padding\u00a0\u00bb column_padding_position=\u00a0\u00bball\u00a0\u00bb background_color_opacity=\u00a0\u00bb1&Prime; background_hover_color_opacity=\u00a0\u00bb1&Prime; width=\u00a0\u00bb1\/1&Prime;][divider line_type=\u00a0\u00bbNo Line\u00a0\u00bb][\/vc_column][\/vc_row][vc_row type=\u00a0\u00bbin_container\u00a0\u00bb scene_position=\u00a0\u00bbcenter\u00a0\u00bb text_color=\u00a0\u00bbdark\u00a0\u00bb text_align=\u00a0\u00bbleft\u00a0\u00bb overlay_strength=\u00a0\u00bb0.3&Prime;][vc_column enable_animation=\u00a0\u00bbtrue\u00a0\u00bb animation=\u00a0\u00bbfade-in-from-bottom\u00a0\u00bb column_padding=\u00a0\u00bbno-extra-padding\u00a0\u00bb column_padding_position=\u00a0\u00bball\u00a0\u00bb background_color_opacity=\u00a0\u00bb1&Prime; background_hover_color_opacity=\u00a0\u00bb1&Prime; width=\u00a0\u00bb1\/1&Prime;][vc_column_text]<\/p>\n<h2 style=\"color: #006644;\">Notre mission<\/h2>\n<p style=\"text-align: justify;\">Nous avons pour mission d\u2019aider les communaut\u00e9s agricoles et rurales \u00e0 restaurer leurs \u00e9cosyst\u00e8mes pour une am\u00e9lioration durable de leurs revenus et de leurs conditions de vie.<\/p>\n<p>[\/vc_column_text][\/vc_column][\/vc_row][vc_row type=\u00a0\u00bbin_container\u00a0\u00bb scene_position=\u00a0\u00bbcenter\u00a0\u00bb text_color=\u00a0\u00bbdark\u00a0\u00bb text_align=\u00a0\u00bbleft\u00a0\u00bb overlay_strength=\u00a0\u00bb0.3&Prime;][vc_column column_padding=\u00a0\u00bbno-extra-padding\u00a0\u00bb column_padding_position=\u00a0\u00bball\u00a0\u00bb background_color_opacity=\u00a0\u00bb1&Prime; background_hover_color_opacity=\u00a0\u00bb1&Prime; width=\u00a0\u00bb1\/1&Prime;][divider line_type=\u00a0\u00bbSmall Line\u00a0\u00bb line=\u00a0\u00bbtrue\u00a0\u00bb][\/vc_column][\/vc_row][vc_row type=\u00a0\u00bbin_container\u00a0\u00bb scene_position=\u00a0\u00bbcenter\u00a0\u00bb text_color=\u00a0\u00bbdark\u00a0\u00bb text_align=\u00a0\u00bbleft\u00a0\u00bb overlay_strength=\u00a0\u00bb0.3&Prime;][vc_column enable_animation=\u00a0\u00bbtrue\u00a0\u00bb animation=\u00a0\u00bbfade-in-from-bottom\u00a0\u00bb column_padding=\u00a0\u00bbno-extra-padding\u00a0\u00bb column_padding_position=\u00a0\u00bball\u00a0\u00bb background_color_opacity=\u00a0\u00bb1&Prime; background_hover_color_opacity=\u00a0\u00bb1&Prime; width=\u00a0\u00bb1\/1&Prime;][vc_column_text]<\/p>\n<h2 style=\"color: #006644;\">Notre histoire<\/h2>\n<p style=\"text-align: justify;\">En 2008, le Groupe Danone, la Convention sur les zones humides de Ramsar et l\u2019Union Internationale pour la Conservation de la Nature (UICN) ont cr\u00e9\u00e9 le Fonds Danone pour la nature avec les objectifs suivants : restaurer les \u00e9cosyst\u00e8mes d\u00e9grad\u00e9s, combattre le changement climatique, et red\u00e9velopper les \u00e9conomies locales.<\/p>\n<p style=\"text-align: justify;\">Danone \u00e9tait convaincu qu\u2019il \u00e9tait n\u00e9cessaire d\u2019inventer un nouveau mod\u00e8le qui permette aux entreprises d\u2019adopter une approche participative au d\u00e9veloppement durable. Plut\u00f4t que de ne proposer aux entreprises qu\u2019un simple achat de cr\u00e9dits carbone pour compenser leurs \u00e9missions, le mod\u00e8le imagin\u00e9 par Danone leur permettrait de travailler en collaboration \u00e9troite avec des d\u00e9veloppeurs sur des projets qui, en plus de g\u00e9n\u00e9rer des cr\u00e9dits carbone de haute qualit\u00e9, auraient un fort impact social et \u00e9conomique.<\/p>\n<p style=\"text-align: justify;\">Le succ\u00e8s d\u2019un projet pilote de restauration de mangroves au S\u00e9n\u00e9gal a pouss\u00e9 Danone \u00e0 ouvrir le fonds \u00e0 des investisseurs externes. Ainsi, le Fonds Danone pour la nature devient une entit\u00e9 ind\u00e9pendante en 2011, renomm\u00e9 Fonds Carbone Livelihoods. Neuf autres entreprises l\u2019ont rejoint depuis : Schneider Electric, Cr\u00e9dit Agricole S.A., Michelin, Herm\u00e8s, SAP, CDC Climat, La Poste, Firmenich, Voyageurs du Monde.<\/p>\n<p style=\"text-align: justify;\">Suite au succ\u00e8s de ce premier fonds, un deuxi\u00e8me fonds fut lanc\u00e9 en 2015 : le Fonds Livelihoods pour l\u2019agriculture familiale (Livelihoods 3F). Sa mission reste la m\u00eame : restaurer les \u00e9cosyst\u00e8mes pour une am\u00e9lioration durable des revenus et des conditions de vie des communaut\u00e9s rurales. Cependant, le rendement de ce fonds va au-del\u00e0 des cr\u00e9dits carbone. Le principal objectif de ce deuxi\u00e8me fonds est d\u2019aider des entreprises \u00e0 transformer leurs chaines d\u2019approvisionnement de mani\u00e8re durable aupr\u00e8s de petites exploitations familiales.<\/p>\n<p>[\/vc_column_text][\/vc_column][\/vc_row][vc_row type=\u00a0\u00bbin_container\u00a0\u00bb scene_position=\u00a0\u00bbcenter\u00a0\u00bb text_color=\u00a0\u00bbdark\u00a0\u00bb text_align=\u00a0\u00bbleft\u00a0\u00bb overlay_strength=\u00a0\u00bb0.3&Prime;][vc_column column_padding=\u00a0\u00bbno-extra-padding\u00a0\u00bb column_padding_position=\u00a0\u00bball\u00a0\u00bb background_color_opacity=\u00a0\u00bb1&Prime; background_hover_color_opacity=\u00a0\u00bb1&Prime; width=\u00a0\u00bb1\/1&Prime;][divider line_type=\u00a0\u00bbSmall Line\u00a0\u00bb line=\u00a0\u00bbtrue\u00a0\u00bb][\/vc_column][\/vc_row][vc_row type=\u00a0\u00bbin_container\u00a0\u00bb scene_position=\u00a0\u00bbcenter\u00a0\u00bb text_color=\u00a0\u00bbdark\u00a0\u00bb text_align=\u00a0\u00bbleft\u00a0\u00bb overlay_strength=\u00a0\u00bb0.3&Prime;][vc_column enable_animation=\u00a0\u00bbtrue\u00a0\u00bb animation=\u00a0\u00bbfade-in-from-bottom\u00a0\u00bb column_padding=\u00a0\u00bbno-extra-padding\u00a0\u00bb column_padding_position=\u00a0\u00bball\u00a0\u00bb background_color_opacity=\u00a0\u00bb1&Prime; background_hover_color_opacity=\u00a0\u00bb1&Prime; width=\u00a0\u00bb1\/1&Prime;][vc_column_text]<\/p>\n<h2 style=\"color: #006644;\">Nos fonds<\/h2>\n<p style=\"text-align: justify;\">Livelihoods est n\u00e9 de la conviction que la d\u00e9gradation de l\u2019environnement, le changement climatique et la pauvret\u00e9 rurale sont \u00e9troitement li\u00e9s, et propose de nouveaux mod\u00e8les innovants pour affronter simultan\u00e9ment ces trois d\u00e9fis.<\/p>\n<p style=\"text-align: justify;\">Nos deux fonds d\u2019investissement cherchent \u00e0 b\u00e9n\u00e9ficier aux communaut\u00e9s agricoles et rurales de pays en d\u00e9veloppement d&rsquo;Afrique, d&rsquo;Asie et d&rsquo;Am\u00e9rique Latine.<\/p>\n<p style=\"text-align: justify;\"><em>Le Fonds Carbone Livelihoods<\/em><br \/>\nCe fonds d\u2019investissement vise \u00e0 \u00e9radiquer la pauvret\u00e9 rurale en restaurant des \u00e9cosyst\u00e8mes d\u00e9grad\u00e9s gr\u00e2ce \u00e0 des projets d\u2019envergure d\u00e9di\u00e9s \u00e0 l\u2019agroforesterie, la restauration de mangroves et l\u2019\u00e9nergie rurale. Les investisseurs re\u00e7oivent des cr\u00e9dits carbone \u00e0 fort impact social en contrepartie de leurs contributions financi\u00e8res. Ce fonds au capital de \u20ac40M r\u00e9unit 10 investisseurs : Danone, Schneider Electric, Cr\u00e9dit Agricole S.A., Michelin, Herm\u00e8s, SAP, CDC Climat, La Poste, Firmenich, Voyageurs du Monde. Depuis sa cr\u00e9ation, le fonds a permis la plantation de 130 millions d\u2019arbres, qui am\u00e9lioreront les conditions de vie d\u2019un million de personnes et stockeront pr\u00e8s de 10 millions de tonnes de CO2. Ce fonds est d\u00e9sormais ferm\u00e9 et n\u2019est plus accessible \u00e0 de nouveaux investisseurs.<\/p>\n<p style=\"text-align: justify;\"><em>Le Fonds Livelihoods pour l\u2019agriculture familiale (Livelihoods 3F)<\/em><br \/>\nCe fonds d\u2019investissement vise \u00e0 \u00e9radiquer la pauvret\u00e9 rurale en restaurant des \u00e9cosyst\u00e8mes d\u00e9grad\u00e9s gr\u00e2ce \u00e0 des pratiques agricoles durables \u00e0 grande \u00e9chelle et durables, int\u00e9gr\u00e9es aux paysages. Parmi les investisseurs du fonds figurent des entreprises qui cherchent \u00e0 transformer leurs chaines d\u2019approvisionnement, des investisseurs priv\u00e9s \u00ab orient\u00e9s impact \u00bb et des institutions publiques de d\u00e9veloppement qui sont d\u00e9sireuses de maximiser leur impact social et environnemental. Le retour sur investissement sera assur\u00e9 par une coalition tierce (entreprises priv\u00e9es, institutions, gouvernements, etc.) qui paieront une commission sur les mati\u00e8res premi\u00e8res, les biens publics et les services environnementaux produits par les projets du fonds. Lanc\u00e9 par Danone et Mars, Inc. et dot\u00e9 d\u2019un capital initial de \u20ac120M, il est actuellement ouvert \u00e0 de nouveaux investisseurs.<\/p>\n<p>[\/vc_column_text][\/vc_column][\/vc_row][vc_row type=\u00a0\u00bbin_container\u00a0\u00bb scene_position=\u00a0\u00bbcenter\u00a0\u00bb text_color=\u00a0\u00bbdark\u00a0\u00bb text_align=\u00a0\u00bbleft\u00a0\u00bb overlay_strength=\u00a0\u00bb0.3&Prime;][vc_column column_padding=\u00a0\u00bbno-extra-padding\u00a0\u00bb column_padding_position=\u00a0\u00bball\u00a0\u00bb background_color_opacity=\u00a0\u00bb1&Prime; background_hover_color_opacity=\u00a0\u00bb1&Prime; width=\u00a0\u00bb1\/1&Prime;][divider line_type=\u00a0\u00bbSmall Line\u00a0\u00bb line=\u00a0\u00bbtrue\u00a0\u00bb][\/vc_column][\/vc_row][vc_row type=\u00a0\u00bbin_container\u00a0\u00bb scene_position=\u00a0\u00bbcenter\u00a0\u00bb text_color=\u00a0\u00bbdark\u00a0\u00bb text_align=\u00a0\u00bbleft\u00a0\u00bb overlay_strength=\u00a0\u00bb0.3&Prime;][vc_column enable_animation=\u00a0\u00bbtrue\u00a0\u00bb animation=\u00a0\u00bbfade-in-from-bottom\u00a0\u00bb column_padding=\u00a0\u00bbno-extra-padding\u00a0\u00bb column_padding_position=\u00a0\u00bball\u00a0\u00bb background_color_opacity=\u00a0\u00bb1&Prime; background_hover_color_opacity=\u00a0\u00bb1&Prime; width=\u00a0\u00bb1\/1&Prime;][vc_column_text]<\/p>\n<h2 style=\"color: #006644;\">Notre Gouvernance<\/h2>\n<p style=\"text-align: justify;\">Livelihoods Venture est une structure consultative qui g\u00e8re les fonds de Livelihoods. Une \u00e9quipe permanente de sp\u00e9cialistes travaille avec des experts externes de renom pour s\u00e9lectionner les projets les plus prometteurs, effectuer les v\u00e9rifications pr\u00e9alables n\u00e9cessaires et surveiller les projets en cours.<\/p>\n<p style=\"text-align: justify;\">Afin d\u2019encourager la participation active des investisseurs, chaque fonds Livelihoods comprend trois organes administratifs :<br \/>\nLe Conseil d\u2019Administration Livelihoods \u2013 compos\u00e9 de repr\u00e9sentants de chaque investisseur et institution partenaire \u2013 se r\u00e9unit au moins deux fois par an pour faire l\u2019examen de la strat\u00e9gie globale du fonds ainsi que des projets en cours.<\/p>\n<p style=\"text-align: justify;\">Le Comit\u00e9 d\u2019Investissement Livelihoods \u2013 compos\u00e9 de repr\u00e9sentants de chaque investisseur partenaire \u2013 se r\u00e9unit chaque trimestre et participe de fa\u00e7on plus directe et active aux activit\u00e9s du fonds. Sa fonction principale est d\u2019\u00e9tudier les propositions de projet et de prendre des d\u00e9cisions \u00e0 leur \u00e9gard.<\/p>\n<p style=\"text-align: justify;\">Le Comit\u00e9 Consultatif Livelihoods \u2013 compos\u00e9 d\u2019environ 15 membres &#8211; est une entit\u00e9 <em>sui generis<\/em> qui remplit une fonction d\u2019analyse et de dialogue. Gr\u00e2ce \u00e0 sa composition vari\u00e9e (universitaires reconnus, repr\u00e9sentants d\u2019ONG et entrepreneurs) le Comit\u00e9 Consultatif exerce son autorit\u00e9 morale et technique sur le fonds dans son ensemble.<\/p>\n<p>[\/vc_column_text][\/vc_column][\/vc_row][vc_row type=\u00a0\u00bbin_container\u00a0\u00bb scene_position=\u00a0\u00bbcenter\u00a0\u00bb text_color=\u00a0\u00bbdark\u00a0\u00bb text_align=\u00a0\u00bbleft\u00a0\u00bb overlay_strength=\u00a0\u00bb0.3&Prime;][vc_column column_padding=\u00a0\u00bbno-extra-padding\u00a0\u00bb column_padding_position=\u00a0\u00bball\u00a0\u00bb background_color_opacity=\u00a0\u00bb1&Prime; background_hover_color_opacity=\u00a0\u00bb1&Prime; width=\u00a0\u00bb1\/1&Prime;][divider line_type=\u00a0\u00bbSmall Line\u00a0\u00bb line=\u00a0\u00bbtrue\u00a0\u00bb][\/vc_column][\/vc_row][vc_row type=\u00a0\u00bbin_container\u00a0\u00bb scene_position=\u00a0\u00bbcenter\u00a0\u00bb text_color=\u00a0\u00bbdark\u00a0\u00bb text_align=\u00a0\u00bbleft\u00a0\u00bb overlay_strength=\u00a0\u00bb0.3&Prime;][vc_column enable_animation=\u00a0\u00bbtrue\u00a0\u00bb animation=\u00a0\u00bbfade-in-from-bottom\u00a0\u00bb column_padding=\u00a0\u00bbno-extra-padding\u00a0\u00bb column_padding_position=\u00a0\u00bball\u00a0\u00bb background_color_opacity=\u00a0\u00bb1&Prime; background_hover_color_opacity=\u00a0\u00bb1&Prime; width=\u00a0\u00bb1\/1&Prime;][vc_column_text]<\/p>\n<h2 style=\"color: #006644;\">La charte Livelihoods<\/h2>\n<p style=\"text-align: justify;\">La Charte Livelihoods est un document fondamental qui d\u00e9finit la vision, les valeurs, les principes et les directives de Livelihoods. Elle d\u00e9finit les crit\u00e8res d\u2019investissement des deux fonds. Toutes les organisations (investisseurs, d\u00e9veloppeurs de projets, institutions partenaires, experts, etc.) qui font partie des fonds Livelihoods doivent signer et respecter cette Charte.<\/p>\n<p style=\"text-align: justify;\">cliquez <a href=\"\/wp-content\/uploads\/2014\/06\/CHARTE_LIVELIHOODS.pdf\" target=\"_blank\"><b>ici<\/b><\/a> pour t\u00e9l\u00e9charger la charte.<\/p>\n<p>[\/vc_column_text][\/vc_column][\/vc_row]<\/p>\n","protected":false},"excerpt":{"rendered":"<p>[vc_row type=\u00a0\u00bbin_container\u00a0\u00bb scene_position=\u00a0\u00bbcenter\u00a0\u00bb text_color=\u00a0\u00bbdark\u00a0\u00bb text_align=\u00a0\u00bbleft\u00a0\u00bb overlay_strength=\u00a0\u00bb0.3&Prime;][vc_column column_padding=\u00a0\u00bbno-extra-padding\u00a0\u00bb column_padding_position=\u00a0\u00bball\u00a0\u00bb background_color_opacity=\u00a0\u00bb1&Prime; background_hover_color_opacity=\u00a0\u00bb1&Prime; width=\u00a0\u00bb1\/1&Prime;][nectar_slider location=\u00a0\u00bbAbout Us\u00a0\u00bb full_width=\u00a0\u00bbtrue\u00a0\u00bb overall_style=\u00a0\u00bbclassic\u00a0\u00bb slider_transition=\u00a0\u00bbslide\u00a0\u00bb button_sizing=\u00a0\u00bbregular\u00a0\u00bb slider_height=\u00a0\u00bb700&Prime;][\/vc_column][\/vc_row][vc_row type=\u00a0\u00bbin_container\u00a0\u00bb scene_position=\u00a0\u00bbcenter\u00a0\u00bb text_color=\u00a0\u00bbdark\u00a0\u00bb text_align=\u00a0\u00bbleft\u00a0\u00bb overlay_strength=\u00a0\u00bb0.3&Prime;][vc_column column_padding=\u00a0\u00bbno-extra-padding\u00a0\u00bb column_padding_position=\u00a0\u00bball\u00a0\u00bb background_color_opacity=\u00a0\u00bb1&Prime; background_hover_color_opacity=\u00a0\u00bb1&Prime; width=\u00a0\u00bb1\/1&Prime;][divider line_type=\u00a0\u00bbNo Line\u00a0\u00bb][\/vc_column][\/vc_row][vc_row type=\u00a0\u00bbin_container\u00a0\u00bb scene_position=\u00a0\u00bbcenter\u00a0\u00bb text_color=\u00a0\u00bbdark\u00a0\u00bb text_align=\u00a0\u00bbleft\u00a0\u00bb overlay_strength=\u00a0\u00bb0.3&Prime;][vc_column enable_animation=\u00a0\u00bbtrue\u00a0\u00bb animation=\u00a0\u00bbfade-in-from-bottom\u00a0\u00bb column_padding=\u00a0\u00bbno-extra-padding\u00a0\u00bb column_padding_position=\u00a0\u00bball\u00a0\u00bb background_color_opacity=\u00a0\u00bb1&Prime; background_hover_color_opacity=\u00a0\u00bb1&Prime; width=\u00a0\u00bb1\/1&Prime;][vc_column_text] Notre mission Nous avons pour mission d\u2019aider les communaut\u00e9s agricoles et rurales \u00e0 [&hellip;]<\/p>\n","protected":false},"author":1,"featured_media":0,"parent":0,"menu_order":1,"comment_status":"closed","ping_status":"closed","template":"","meta":{"_acf_changed":false,"_monsterinsights_skip_tracking":false,"_monsterinsights_sitenote_active":false,"_monsterinsights_sitenote_note":"","_monsterinsights_sitenote_category":0,"iawp_total_views":58,"footnotes":""},"class_list":["post-2673","page","type-page","status-publish","hentry"],"acf":[],"aioseo_notices":[],"_links":{"self":[{"href":"https:\/\/livelihoods.eu\/fr\/wp-json\/wp\/v2\/pages\/2673","targetHints":{"allow":["GET"]}}],"collection":[{"href":"https:\/\/livelihoods.eu\/fr\/wp-json\/wp\/v2\/pages"}],"about":[{"href":"https:\/\/livelihoods.eu\/fr\/wp-json\/wp\/v2\/types\/page"}],"author":[{"embeddable":true,"href":"https:\/\/livelihoods.eu\/fr\/wp-json\/wp\/v2\/users\/1"}],"replies":[{"embeddable":true,"href":"https:\/\/livelihoods.eu\/fr\/wp-json\/wp\/v2\/comments?post=2673"}],"version-history":[{"count":5,"href":"https:\/\/livelihoods.eu\/fr\/wp-json\/wp\/v2\/pages\/2673\/revisions"}],"predecessor-version":[{"id":4983,"href":"https:\/\/livelihoods.eu\/fr\/wp-json\/wp\/v2\/pages\/2673\/revisions\/4983"}],"wp:attachment":[{"href":"https:\/\/livelihoods.eu\/fr\/wp-json\/wp\/v2\/media?parent=2673"}],"curies":[{"name":"wp","href":"https:\/\/api.w.org\/{rel}","templated":true}]}}