{"id":2778,"date":"2014-04-21T12:40:12","date_gmt":"2014-04-21T12:40:12","guid":{"rendered":"http:\/\/web2020.livelihoods.eu\/?page_id=2778"},"modified":"2015-09-05T13:56:21","modified_gmt":"2015-09-05T13:56:21","slug":"presse","status":"publish","type":"page","link":"https:\/\/livelihoods.eu\/fr\/presse\/","title":{"rendered":"Presse"},"content":{"rendered":"<p>[vc_row][vc_column width=\u00a0\u00bb1\/1&Prime;][nectar_slider location=\u00a0\u00bbNewsroom\u00a0\u00bb full_width=\u00a0\u00bbtrue\u00a0\u00bb slider_height=\u00a0\u00bb700&Prime;][\/vc_column][\/vc_row][vc_row][vc_column width=\u00a0\u00bb1\/1&Prime;][divider line_type=\u00a0\u00bbNo Line\u00a0\u00bb][\/vc_column][\/vc_row][vc_row][vc_column width=\u00a0\u00bb1\/1&Prime;][vc_column_text]<\/p>\n<h2 style=\"color: #006644;\">Presse anglophone<\/h2>\n<p><strong><span style=\"color: #008000;\">TELEVISION FEATURES<\/span><\/strong><\/p>\n<p><strong>\u00ab\u00a0When Big Businesses Want to do Good\u00a0\u00bb<\/strong>, <em>France 24 Television Channel: The Business Interview<\/em>, 25 July 2014.<br \/>\n<a href=\"http:\/\/www.france24.com\/en\/20140725-business-interview-bernard-giraud-livelihoods-corporate-responsibility\/\">http:\/\/www.france24.com\/en\/20140725-business-interview-bernard-giraud-livelihoods-corporate-responsibility\/<\/a><\/p>\n<p><span style=\"color: #008000;\"><b>BLOG POSTS<\/b><\/span><\/p>\n<p><strong>\u00ab\u00a0Ramsar welcomes the launch of the new Livelihoods Investment Fund for Family Farming\u00a0\u00bb<\/strong>, <em>Ramsar Convention on Wetlands<\/em>, 23 February 2015. <a href=\"http:\/\/www.ramsar.org\/news\/ramsar-welcomes-the-launch-of-the-new-livelihoods-investment-fund-for-family-farming\">http:\/\/www.ramsar.org\/news\/ramsar-welcomes-the-launch-of-the-new-livelihoods-investment-fund-for-family-farming<\/a><\/p>\n<p><strong>\u201cImpact investment: A new approach to development aid?\u00a0\u00bb,<\/strong> <em>Danone\u2019s Down to Earth blog, <\/em>18 February 2015. <a href=\"http:\/\/downtoearth.danone.com\/2015\/02\/18\/impact-investment-a-new-approach-to-development-aid\/\">http:\/\/downtoearth.danone.com\/2015\/02\/18\/impact-investment-a-new-approach-to-development-aid\/<\/a><\/p>\n<p><strong>\u00ab\u00a0Mars, Danone Launch Fund to Support Sustainable Farming\u00a0\u00bb<\/strong>,<em> Just Means<\/em> , 8 February 2015. <a href=\"http:\/\/www.justmeans.com\/blogs\/mars-danone-launch-fund-to-support-sustainable-farming\">http:\/\/www.justmeans.com\/blogs\/mars-danone-launch-fund-to-support-sustainable-farming<\/a><\/p>\n<p><strong>\u00ab\u00a0Mars and Danone launch \u20ac120m Livelihoods Fund for Family Farming\u00a0\u00bb,<\/strong> <em>PEI AgriInvestor<\/em>, 6 February 2015. <a href=\"https:\/\/www.agriinvestor.com\/mars-danone-launch-e120m-livelihoods-fund-family-farming\/\">https:\/\/www.agriinvestor.com\/mars-danone-launch-e120m-livelihoods-fund-family-farming\/<\/a><\/p>\n<p>\u00ab\u00a0Danone and Mars launch \u00a379m fund for smallholder farmers\u00a0\u00bb, <em>Danone\u2019s Down to Earth blog, <\/em>5 February 2015. <a href=\"http:\/\/downtoearth.danone.com\/2015\/02\/05\/danone-and-mars-launch-79m-fund-for-smallholder-farmers\/\">http:\/\/downtoearth.danone.com\/2015\/02\/05\/danone-and-mars-launch-79m-fund-for-smallholder-farmers\/<\/a><\/p>\n<p><strong>\u00ab\u00a0New fund will promote sustainable smallholder products to business\u00a0\u00bb<\/strong>, <em>World Agroforestry Center, <\/em>5 February 2015. <a href=\"http:\/\/worldagroforestry.org\/newsroom\/media_coverage\/new-fund-will-promote-sustainable-smallholder-products-business\">http:\/\/worldagroforestry.org\/newsroom\/media_coverage\/new-fund-will-promote-sustainable-smallholder-products-business<\/a><\/p>\n<p><strong>\u00ab\u00a0Danone, Mars launch sustainability investment fund\u00a0\u00bb,<\/strong> <em>Food Business News, <\/em>5 February 2015. <a href=\"http:\/\/www.foodbusinessnews.net\/articles\/news_home\/Business_News\/2015\/02\/Danone_Mars_launch_sustainabil.aspx?ID={5FC4E6BE-0324-426D-BF20-B7F754353983}&amp;cck=1\">http:\/\/www.foodbusinessnews.net\/articles\/news_home\/Business_News\/2015\/02\/Danone_Mars_launch_sustainabil.aspx?ID={5FC4E6BE-0324-426D-BF20-B7F754353983}&amp;cck=1<\/a><\/p>\n<p><strong>\u00ab\u00a0Infographic : A guide to understanding the projects of the Livelihoods Fund\u00a0\u00bb,<\/strong> <em>Danone\u2019s Down to Earth blog, <\/em>4 February 2015. <a href=\"http:\/\/downtoearth.danone.com\/2015\/02\/04\/infographic-a-guide-to-understanding-the-projects-of-the-livelihoods-fund\/\">http:\/\/downtoearth.danone.com\/2015\/02\/04\/infographic-a-guide-to-understanding-the-projects-of-the-livelihoods-fund\/<\/a><\/p>\n<p><strong>\u201cIntroducing one of Livelihoods\u2019 most recent projects in Burkina Faso\u201d,<\/strong> <em>Danone\u2019s Down to Earth blog, <\/em>1 August 2014.\u00a0<a href=\"http:\/\/downtoearth.danone.com\/2014\/08\/01\/introducing-one-of-livelihoods-most-recent-project-in-burkina-faso\/\">http:\/\/downtoearth.danone.com\/2014\/08\/01\/introducing-one-of-livelihoods-most-recent-project-in-burkina-faso\/<\/a><\/p>\n<p><strong>\u00ab\u00a0Livelihoods celebrates co-creation at its annual \u2018rendez-vous\u2019\u201d,<\/strong> <em>Danone\u2019s Down to Earth blog, <\/em>21 July 2014. \u00a0<a href=\"http:\/\/downtoearth.danone.com\/2014\/07\/21\/livelihoods-celebrates-co-creation-at-its-annual-rendez-vous\/\">http:\/\/downtoearth.danone.com\/2014\/07\/21\/livelihoods-celebrates-co-creation-at-its-annual-rendez-vous\/<\/a><\/p>\n<p><strong>\u201cMichelin Joins the Livelihoods Fund: \u2018We are here for the long run\u2019\u201d<\/strong>, <em>Danone\u2019s Down to Earth blog, <\/em>15 July 2014, <a href=\"http:\/\/downtoearth.danone.com\/2014\/07\/15\/michelin-joins-the-livelihoods-fund-we-are-here-for-the-long-run\/\">http:\/\/downtoearth.danone.com\/2014\/07\/15\/michelin-joins-the-livelihoods-fund-we-are-here-for-the-long-run\/<\/a><\/p>\n<p><strong>\u201cHow do we reverse desertification?\u201d<\/strong>, Danone\u2019s Down to Earth blog,4 March 2014 <a href=\"http:\/\/downtoearth.danone.com\/2014\/03\/04\/how-do-we-reverse-desertification\/\">http:\/\/downtoearth.danone.com\/2014\/03\/04\/how-do-we-reverse-desertification\/<\/a><\/p>\n<p><strong>\u00ab\u00a0Livelihoods and Biodiversity\u00a0\u00bb<\/strong>, World Agroforestry Centre, 14 October 2012.<br \/>\n<a href=\"http:\/\/blog.worldagroforestry.org\/index.php\/2012\/10\/14\/livelihoods-and-biodiversity\/\" target=\"_blank\">http:\/\/blog.worldagroforestry.org\/index.php\/2012\/10\/14\/livelihoods-and-biodiv&#8230;<\/a><\/p>\n<p><strong>\u00ab\u00a0Businesses come together to address carbon capture and storage\u00a0\u00bb<\/strong>, Farming First, 11 July 2011.<br \/>\n<a href=\"http:\/\/www.farmingfirst.org\/tag\/livelihoods\/\" target=\"_blank\">http:\/\/www.farmingfirst.org\/tag\/livelihoods\/<\/a><\/p>\n<p><span style=\"color: #008000;\"><strong>WRITTEN ARTICLES<\/strong><\/span><\/p>\n<p><strong>\u00ab\u00a0GAI Insight: Private Sector, Non-Profits Uphold Smallholder Farmers\u00a0\u00bb,<\/strong> <em>Global AgInvesting<\/em>, 18 February 2015. http:\/\/www.globalaginvesting.com\/news\/NewsListDetail?contentid=5184<\/p>\n<p><strong>\u00ab\u00a0Danone and Mars launch \u00a379m fund for smallholder farmers\u00a0\u00bb<\/strong>, <em>The Guardian<\/em>, 5 February 2015. <a href=\"http:\/\/www.theguardian.com\/sustainable-business\/2015\/feb\/05\/danone-and-mars-launch-79-million-fund-for-smallholder-farmers\">http:\/\/www.theguardian.com\/sustainable-business\/2015\/feb\/05\/danone-and-mars-launch-79-million-fund-for-smallholder-farmers<\/a><\/p>\n<p><strong>\u00ab\u00a0Open-fire cooking causing far too many deaths, says study\u00a0\u00bb<\/strong>, <em>The Standard<\/em>, 18 February 2014.<br \/>\n<a href=\"http:\/\/recette.cgraphika.com\/Livelihoods1\/wp-content\/uploads\/2014\/02\/SGRP1.pdf\" target=\"_blank\">SGRP1.pdf<\/a><\/p>\n<p><strong>\u00ab\u00a0Eco-friendly stove drive aims to save Mt Kenya forests\u00a0\u00bb<\/strong>,<em> Business Daily Kenya<\/em>, 9 February 2014.<br \/>\n<a href=\"http:\/\/www.businessdailyafrica.com\/Corporate-News\/Eco-friendly-stove-drive-aims-to-save-Mt-Kenya-forests-\/-\/539550\/2198918\/-\/119128t\/-\/index.html\" target=\"_blank\">http:\/\/www.businessdailyafrica.com\/Corporate-News\/Eco-friendly-stove-drive-ai&#8230;<\/a><\/p>\n<p><strong>\u00ab\u00a0Tsunami-Blocking Mangroves Lure Carbon Investors: Southeast Asia\u00a0\u00bb<\/strong>,<em> Bloomberg,<\/em> 20 November 2013.<br \/>\n<a href=\"http:\/\/www.bloomberg.com\/news\/2013-11-19\/tsunami-blocking-mangroves-lure-carbon-investors-southeast-asia.html\" target=\"_blank\">http:\/\/www.bloomberg.com\/news\/2013-11-19\/tsunami-blocking-mangroves-lure-carb&#8230;<\/a><\/p>\n<p><strong>\u00ab\u00a0What if carbon was much more than just a funding mechanism?\u00a0\u00bb<\/strong>, <em>Field Actions Science Report (FACTS) Special Issue 7<\/em>, July 2013.<br \/>\n<a href=\"http:\/\/factsreports.revues.org\/2106\" target=\"_blank\">http:\/\/factsreports.revues.org\/2106<\/a><\/p>\n<p><strong>\u00ab\u00a0From wetland carbon to livelihoods carbon\u00a0\u00bb<\/strong>, <em>Forbes<\/em>, 6 July 2011.<br \/>\n<a href=\"http:\/\/www.forbes.com\/sites\/francisvorhies\/2011\/07\/06\/wetland-carbon-to-livelihoods-carbon\/\" target=\"_blank\">http:\/\/www.forbes.com\/sites\/francisvorhies\/2011\/07\/06\/wetland-carbon-to-livel&#8230;<\/a>[\/vc_column_text][\/vc_column][\/vc_row][vc_row][vc_column width=\u00a0\u00bb1\/1&Prime;][vc_column_text]<\/p>\n<h2 style=\"color: #006644;\">Presse francophone<\/h2>\n<p><strong>\u00ab\u00a0Livelihoods camp : l&rsquo;avenir de l&rsquo;agriculture familiale au Sahel\u00a0\u00bb<\/strong>, <em>Radio France International- C&rsquo;est pas du vent<\/em>, 15 mars 2015. <a href=\"http:\/\/www.rfi.fr\/emission\/20150315-1-livelihoods-agriculture-familiale-sahel\/\">http:\/\/www.rfi.fr\/emission\/20150315-1-livelihoods-agriculture-familiale-sahel\/<\/a><\/p>\n<p><strong>\u00ab\u00a0Burkina Faso : les femmes r\u00e9volutionnent les foyers\u00a0\u00bb<\/strong>, <em>Radio France International- C&rsquo;est pas du vent<\/em>, 8 mars 2015. <a href=\"http:\/\/www.rfi.fr\/emission\/20150308-1-burkina-faso-femmes-revolution-foyers-tiipaalga-livelihoods\/\">http:\/\/www.rfi.fr\/emission\/20150308-1-burkina-faso-femmes-revolution-foyers-tiipaalga-livelihoods\/<\/a><\/p>\n<p><strong>\u00ab\u00a0Tribune\u00a0: Agriculture familiale\u00a0: le salut viendra-t-il des entreprises\u00a0?\u00a0\u00bb,<\/strong> <em>Inter-r\u00e9seaux d\u00e9veloppement rural,<\/em> 24 f\u00e9vrier 2015, <a href=\"http:\/\/www.inter-reseaux.org\/ressources-thematiques\/article\/tribune-agriculture-familiale-le\">http:\/\/www.inter-reseaux.org\/ressources-thematiques\/article\/tribune-agriculture-familiale-le<\/a><\/p>\n<p><strong>\u00ab\u00a0Entretien avec Franck Riboud et Victoria B. Mars- Nous voulons explorer le r\u00f4le que peut jouer une entreprise\u00a0\u00bb<\/strong> , <em>Le Monde, <\/em>13 f\u00e9vrier 2015, <a href=\"http:\/\/www.lemonde.fr\/afrique\/article\/2015\/02\/13\/nous-voulons-explorer-le-role-que-peut-jouer-une-entreprise_4576031_3212.html\">http:\/\/www.lemonde.fr\/afrique\/article\/2015\/02\/13\/nous-voulons-explorer-le-role-que-peut-jouer-une-entreprise_4576031_3212.html<\/a><\/p>\n<p><strong>\u00ab\u00a0Danone et Mars cr\u00e9ent un fonds pour l&rsquo;agriculture familiale\u00a0\u00bb, <\/strong><em>Strat\u00e9gies, <\/em>9 f\u00e9vrier 2015,<a href=\"%20http:\/\/www.strategies.fr\/actualites\/marques\/1004720W\/danone-et-mars-creent-un-fonds-pour-l-agriculture-familiale.html\">\u00a0http:\/\/www.strategies.fr\/actualites\/marques\/1004720W\/danone-et-mars-creent-un-fonds-pour-l-agriculture-familiale.html<\/a><\/p>\n<p><strong>\u00ab\u00a0L\u2019agriculture familiale : un enjeu cl\u00e9 de l\u2019aide au d\u00e9veloppement\u00a0\u00bb,<\/strong><\/p>\n<p><strong>\u00ab\u00a0Danone et Mars lancent un fonds de 120 millions d\u2019euros pour l&rsquo;agriculture familiale\u00a0\u00bb, <\/strong><em>Jeune Afrique, <\/em>5 f\u00e9vrier 2015, http:\/\/economie.jeuneafrique.com\/entreprises\/entreprises\/agro-industrie\/24059-danone-et-mars-lancent-un-fonds-de-120-millions-deuros-pour-lagriculture-familiale-.html<\/p>\n<p><strong>\u00ab\u00a0Danone et Mars cr\u00e9ent un fonds de soutien \u00e0 l\u2019agriculture familiale\u00a0\u00bb,<\/strong> <em>Le Monde, <\/em>5 f\u00e9vrier 2015, <a href=\"http:\/\/www.lemonde.fr\/economie\/article\/2015\/02\/05\/danone-et-mars-creent-un-fonds-de-soutien-a-l-agriculture-familiale_4570613_3234.html#\">http:\/\/www.lemonde.fr\/economie\/article\/2015\/02\/05\/danone-et-mars-creent-un-fonds-de-soutien-a-l-agriculture-familiale_4570613_3234.html<\/a><\/p>\n<p><strong>\u00ab\u00a0Un fonds d\u2019investissement pour soutenir les petits paysans du Sud\u00a0\u00bb,<\/strong> <em>La Croix, <\/em>5 f\u00e9vrier 2015, <a href=\"http:\/\/www.la-croix.com\/Actualite\/Economie-Entreprises\/Economie\/Un-fonds-d-investissement-pour-soutenir-les-petits-paysans-du-Sud-2015-02-05-1277105\">http:\/\/www.la-croix.com\/Actualite\/Economie-Entreprises\/Economie\/Un-fonds-d-investissement-pour-soutenir-les-petits-paysans-du-Sud-2015-02-05-1277105<\/a><\/p>\n<p><strong>Danone et Mars au secours (financier) de l&rsquo;agriculture familiale\u00a0\u00bb, <\/strong><em>La Tribune, <\/em>5 f\u00e9vrier 2015, <a href=\"http:\/\/www.latribune.fr\/entreprises-finance\/industrie\/agroalimentaire-biens-de-consommation-luxe\/20150205trib9b12a5c8f\/danone-et-mars-au-secours-financier-de-l-agriculture-familiale.html\">http:\/\/www.latribune.fr\/entreprises-finance\/industrie\/agroalimentaire-biens-de-consommation-luxe\/20150205trib9b12a5c8f\/danone-et-mars-au-secours-financier-de-l-agriculture-familiale.html<\/a><\/p>\n<p><strong>\u00ab\u00a0Danone et Mars lancent un fonds d\u00e9di\u00e9 aux petits agriculteurs\u00a0\u00bb<\/strong>,<em> YouPhil<\/em>, 5 f\u00e9vrier 2015, <a href=\"http:\/\/www.youphil.com\/fr\/article\/07858-danone-mars-fonds-livelihood-agriculture-familiale?ypcli=ano\">http:\/\/www.youphil.com\/fr\/article\/07858-danone-mars-fonds-livelihood-agriculture-familiale?ypcli=ano<\/a><\/p>\n<p><strong>\u00ab\u00a0Danone et Mars s&rsquo;allient pour cr\u00e9er un fonds \u00abvert\u00bb\u00a0\u00bb<\/strong><em>, Le Figaro, <\/em>4 f\u00e9vrier 2015, <a href=\"http:\/\/www.lefigaro.fr\/societes\/2015\/02\/04\/20005-20150204ARTFIG00412-danone-et-mars-s-allient-pour-creer-un-fonds-vert.php\">http:\/\/www.lefigaro.fr\/societes\/2015\/02\/04\/20005-20150204ARTFIG00412-danone-et-mars-s-allient-pour-creer-un-fonds-vert.php<\/a><\/p>\n<p><strong>\u00ab\u00a0Au lancement du fonds Livelihoods pour l\u2019agriculture familiale\u00a0\u00bb, <\/strong><em>Blog d&rsquo;Annick Girardin, la secr\u00e9taire d\u2019\u00c9tat en charge du D\u00e9veloppement et de la Francophonie, <\/em>4 f\u00e9vrier 2015,<a href=\"http:\/\/annickgirardin.net\/2015\/02\/04\/au-lancement-du-fonds-livelihoods-pour-lagriculture-familiale\/\">\u00a0http:\/\/annickgirardin.net\/2015\/02\/04\/au-lancement-du-fonds-livelihoods-pour-lagriculture-familiale\/ <\/a><\/p>\n<p><strong>\u00ab\u00a0Nouveau monde,\u00a0\u00bb\u00a0<\/strong>BFM Business, 9 juillet 2014.\u00a0<a href=\"http:\/\/bfmbusiness.bfmtv.com\/opinion\/nouveau-monde-809865.html\">http:\/\/bfmbusiness.bfmtv.com\/opinion\/nouveau-monde-809865.html<\/a><\/p>\n<p><strong>\u00ab\u00a0Livelihoods, une solidarit\u00e9 originale entre entreprises et communaut\u00e9s d\u00e9munies\u00a0\u00bb<\/strong>, Le Journal de l&rsquo;Ecole de Paris du Management, juillet\/ao\u00fbt 2014.\u00a0<a href=\"https:\/\/livelihoods.eu\/wp-content\/uploads\/2014\/04\/Livelihoodsarticle.pdf\">Le Journal de l&rsquo;Ecole de Paris<\/a><\/p>\n<p><strong>\u00ab\u00a0Elles font rena\u00eetre la mangrove de Sumatra\u00a0\u00bb<\/strong>, \u00c7a m&rsquo;int\u00e9resse, janvier 2014.<br \/>\n<a href=\"http:\/\/recette.cgraphika.com\/Livelihoods1\/wp-content\/uploads\/2014\/02\/Caminteresse0114.pdf\" target=\"_blank\">Caminteresse0114.pdf<\/a><\/p>\n<p><strong>\u00ab\u00a0Comment Danone brasse business et social\u00a0\u00bb<\/strong>, Capital.fr, 20 novembre 2013.<br \/>\n<a href=\"http:\/\/www.capital.fr\/enquetes\/strategie\/comment-danone-brasse-business-et-social-889613\" target=\"_blank\">http:\/\/www.capital.fr\/enquetes\/strategie\/comment-danone-brasse-business-et-so&#8230;<\/a><\/p>\n<p><strong>\u00ab\u00a0Livelihoods : le fonds carbone volontaire des entreprises\u00a0\u00bb<\/strong>, Novethic.fr, 31 juillet 2013.<br \/>\n<a href=\"http:\/\/www.novethic.fr\/empreinte-terre\/climat\/isr-rse\/livelihoods-le-fonds-carbone-volontaire-des-entreprises-141166.html\" target=\"_blank\">http:\/\/www.novethic.fr\/empreinte-terre\/climat\/isr-rse\/livelihoods-le-fonds-ca&#8230;<\/a><\/p>\n<p><strong>\u00ab\u00a0Danone, un bon samaritain de la finance verte\u00a0\u00bb<\/strong>, La Tribune, 4 juillet 2012.<br \/>\n<a href=\"http:\/\/www.latribune.fr\/green-business\/l-actualite\/20120704trib000707376\/danone-un-bon-samaritain-de-la-finance-verte.html\" target=\"_blank\">http:\/\/www.latribune.fr\/green-business\/l-actualite\/20120704trib000707376\/dano&#8230;<\/a><\/p>\n<p><strong>\u00ab\u00a0Livelihoods Fund : une initiative conjointe pour compenser les \u00e9missions de carbone\u00a0\u00bb<\/strong>, Les Echos, 5 octobre 2011.<br \/>\n<a href=\"http:\/\/www.lesechos.fr\/05\/10\/2011\/lesechos.fr\/0201677941804_livelihoods-fund---une-initiative-conjointe-pour-compenser-les-emissions-de-carbone.htm\" target=\"_blank\">http:\/\/www.lesechos.fr\/05\/10\/2011\/lesechos.fr\/0201677941804_livelihoods-fund-&#8230;<\/a><\/p>\n<p><strong>\u00ab\u00a0Livelihoods f\u00e9d\u00e8re de grands noms de la place sur un fonds carbone\u00a0\u00bb<\/strong>, L&rsquo;Agefi, 21 juillet 2011.<br \/>\n<a href=\"http:\/\/www.agefi.fr\/articles\/livelihoods-federe-de-grands-noms-de-la-place-sur-un-fonds-carbone-1186290.html\" target=\"_blank\">http:\/\/www.agefi.fr\/articles\/livelihoods-federe-de-grands-noms-de-la-place-su&#8230;<\/a><\/p>\n<p><strong>\u00ab\u00a0Livelihoods: la finance carbone au service des villageois\u00a0\u00bb<\/strong>, Ecoloinfo.com, 15 juillet 2011.<br \/>\n<a href=\"http:\/\/www.ecoloinfo.com\/2011\/07\/15\/livelihoods-quand-la-finance-carbone-est-au-service-des-villageois\/\" target=\"_blank\">http:\/\/www.ecoloinfo.com\/2011\/07\/15\/livelihoods-quand-la-finance-carbone-est-&#8230;<\/a>[\/vc_column_text][\/vc_column][\/vc_row]<\/p>\n","protected":false},"excerpt":{"rendered":"<p>[vc_row][vc_column width=\u00a0\u00bb1\/1&Prime;][nectar_slider location=\u00a0\u00bbNewsroom\u00a0\u00bb full_width=\u00a0\u00bbtrue\u00a0\u00bb slider_height=\u00a0\u00bb700&Prime;][\/vc_column][\/vc_row][vc_row][vc_column width=\u00a0\u00bb1\/1&Prime;][divider line_type=\u00a0\u00bbNo Line\u00a0\u00bb][\/vc_column][\/vc_row][vc_row][vc_column width=\u00a0\u00bb1\/1&Prime;][vc_column_text] Presse anglophone TELEVISION FEATURES \u00ab\u00a0When Big Businesses Want to do Good\u00a0\u00bb, France 24 Television Channel: The Business Interview, 25 July 2014. http:\/\/www.france24.com\/en\/20140725-business-interview-bernard-giraud-livelihoods-corporate-responsibility\/ BLOG POSTS \u00ab\u00a0Ramsar welcomes the launch of the new Livelihoods Investment Fund for Family Farming\u00a0\u00bb, Ramsar Convention on Wetlands, 23 February 2015. http:\/\/www.ramsar.org\/news\/ramsar-welcomes-the-launch-of-the-new-livelihoods-investment-fund-for-family-farming \u201cImpact [&hellip;]<\/p>\n","protected":false},"author":1,"featured_media":0,"parent":0,"menu_order":13,"comment_status":"open","ping_status":"closed","template":"","meta":{"_acf_changed":false,"_monsterinsights_skip_tracking":false,"_monsterinsights_sitenote_active":false,"_monsterinsights_sitenote_note":"","_monsterinsights_sitenote_category":0,"iawp_total_views":2,"footnotes":""},"class_list":["post-2778","page","type-page","status-publish","hentry"],"acf":[],"aioseo_notices":[],"_links":{"self":[{"href":"https:\/\/livelihoods.eu\/fr\/wp-json\/wp\/v2\/pages\/2778","targetHints":{"allow":["GET"]}}],"collection":[{"href":"https:\/\/livelihoods.eu\/fr\/wp-json\/wp\/v2\/pages"}],"about":[{"href":"https:\/\/livelihoods.eu\/fr\/wp-json\/wp\/v2\/types\/page"}],"author":[{"embeddable":true,"href":"https:\/\/livelihoods.eu\/fr\/wp-json\/wp\/v2\/users\/1"}],"replies":[{"embeddable":true,"href":"https:\/\/livelihoods.eu\/fr\/wp-json\/wp\/v2\/comments?post=2778"}],"version-history":[{"count":5,"href":"https:\/\/livelihoods.eu\/fr\/wp-json\/wp\/v2\/pages\/2778\/revisions"}],"predecessor-version":[{"id":3618,"href":"https:\/\/livelihoods.eu\/fr\/wp-json\/wp\/v2\/pages\/2778\/revisions\/3618"}],"wp:attachment":[{"href":"https:\/\/livelihoods.eu\/fr\/wp-json\/wp\/v2\/media?parent=2778"}],"curies":[{"name":"wp","href":"https:\/\/api.w.org\/{rel}","templated":true}]}}