{"id":5185,"date":"2016-10-08T23:55:18","date_gmt":"2016-10-08T23:55:18","guid":{"rendered":"http:\/\/web2020.livelihoods.eu\/?page_id=5185"},"modified":"2025-04-20T11:11:29","modified_gmt":"2025-04-20T11:11:29","slug":"nos-fonds-dinvestissement","status":"publish","type":"page","link":"https:\/\/livelihoods.eu\/fr\/nos-fonds-dinvestissement\/","title":{"rendered":"Nos solutions"},"content":{"rendered":"\t\t<div data-elementor-type=\"wp-page\" data-elementor-id=\"5185\" class=\"elementor elementor-5185 elementor-4033\" data-elementor-post-type=\"page\">\n\t\t\t\t\t\t<section class=\"elementor-section elementor-top-section elementor-element elementor-element-4cfa39f elementor-section-height-min-height elementor-section-boxed elementor-section-height-default elementor-section-items-middle\" data-id=\"4cfa39f\" data-element_type=\"section\" data-e-type=\"section\" data-settings=\"{&quot;background_background&quot;:&quot;classic&quot;,&quot;shape_divider_bottom&quot;:&quot;waves&quot;}\">\n\t\t\t\t\t\t\t<div class=\"elementor-background-overlay\"><\/div>\n\t\t\t\t\t\t<div class=\"elementor-shape elementor-shape-bottom\" aria-hidden=\"true\" data-negative=\"false\">\n\t\t\t<svg xmlns=\"http:\/\/www.w3.org\/2000\/svg\" viewBox=\"0 0 1000 100\" preserveAspectRatio=\"none\">\n\t<path class=\"elementor-shape-fill\" d=\"M421.9,6.5c22.6-2.5,51.5,0.4,75.5,5.3c23.6,4.9,70.9,23.5,100.5,35.7c75.8,32.2,133.7,44.5,192.6,49.7\n\tc23.6,2.1,48.7,3.5,103.4-2.5c54.7-6,106.2-25.6,106.2-25.6V0H0v30.3c0,0,72,32.6,158.4,30.5c39.2-0.7,92.8-6.7,134-22.4\n\tc21.2-8.1,52.2-18.2,79.7-24.2C399.3,7.9,411.6,7.5,421.9,6.5z\"\/>\n<\/svg>\t\t<\/div>\n\t\t\t\t\t<div class=\"elementor-container elementor-column-gap-default\">\n\t\t\t\t\t<div class=\"elementor-column elementor-col-100 elementor-top-column elementor-element elementor-element-533d592\" data-id=\"533d592\" data-element_type=\"column\" data-e-type=\"column\">\n\t\t\t<div class=\"elementor-widget-wrap elementor-element-populated\">\n\t\t\t\t\t\t<div class=\"elementor-element elementor-element-9bf6150 elementor-widget elementor-widget-heading\" data-id=\"9bf6150\" data-element_type=\"widget\" data-e-type=\"widget\" data-widget_type=\"heading.default\">\n\t\t\t\t<div class=\"elementor-widget-container\">\n\t\t\t\t\t<h1 class=\"elementor-heading-title elementor-size-default\">Nos solutions<\/h1>\t\t\t\t<\/div>\n\t\t\t\t<\/div>\n\t\t\t\t\t<\/div>\n\t\t<\/div>\n\t\t\t\t\t<\/div>\n\t\t<\/section>\n\t\t\t\t<section class=\"elementor-section elementor-top-section elementor-element elementor-element-0521712 elementor-section-boxed elementor-section-height-default elementor-section-height-default\" data-id=\"0521712\" data-element_type=\"section\" data-e-type=\"section\">\n\t\t\t\t\t\t<div class=\"elementor-container elementor-column-gap-default\">\n\t\t\t\t\t<div class=\"elementor-column elementor-col-100 elementor-top-column elementor-element elementor-element-f4f61a0\" data-id=\"f4f61a0\" data-element_type=\"column\" data-e-type=\"column\">\n\t\t\t<div class=\"elementor-widget-wrap elementor-element-populated\">\n\t\t\t\t\t\t<div class=\"elementor-element elementor-element-cf0e935 elementor-widget elementor-widget-spacer\" data-id=\"cf0e935\" data-element_type=\"widget\" data-e-type=\"widget\" data-widget_type=\"spacer.default\">\n\t\t\t\t<div class=\"elementor-widget-container\">\n\t\t\t\t\t\t\t<div class=\"elementor-spacer\">\n\t\t\t<div class=\"elementor-spacer-inner\"><\/div>\n\t\t<\/div>\n\t\t\t\t\t\t<\/div>\n\t\t\t\t<\/div>\n\t\t\t\t\t<\/div>\n\t\t<\/div>\n\t\t\t\t\t<\/div>\n\t\t<\/section>\n\t\t\t\t<section class=\"elementor-section elementor-top-section elementor-element elementor-element-954f311 elementor-section-boxed elementor-section-height-default elementor-section-height-default\" data-id=\"954f311\" data-element_type=\"section\" data-e-type=\"section\">\n\t\t\t\t\t\t<div class=\"elementor-container elementor-column-gap-default\">\n\t\t\t\t\t<div class=\"elementor-column elementor-col-100 elementor-top-column elementor-element elementor-element-cbb4b3e\" data-id=\"cbb4b3e\" data-element_type=\"column\" data-e-type=\"column\">\n\t\t\t<div class=\"elementor-widget-wrap elementor-element-populated\">\n\t\t\t\t\t\t<div class=\"elementor-element elementor-element-98cc5a9 elementor-widget elementor-widget-heading\" data-id=\"98cc5a9\" data-element_type=\"widget\" data-e-type=\"widget\" data-widget_type=\"heading.default\">\n\t\t\t\t<div class=\"elementor-widget-container\">\n\t\t\t\t\t<h2 class=\"elementor-heading-title elementor-size-default\">Action climat<\/h2>\t\t\t\t<\/div>\n\t\t\t\t<\/div>\n\t\t\t\t<section class=\"elementor-section elementor-inner-section elementor-element elementor-element-29e5830 elementor-section-boxed elementor-section-height-default elementor-section-height-default\" data-id=\"29e5830\" data-element_type=\"section\" data-e-type=\"section\">\n\t\t\t\t\t\t<div class=\"elementor-container elementor-column-gap-default\">\n\t\t\t\t\t<div class=\"elementor-column elementor-col-100 elementor-inner-column elementor-element elementor-element-69eb540\" data-id=\"69eb540\" data-element_type=\"column\" data-e-type=\"column\">\n\t\t\t<div class=\"elementor-widget-wrap elementor-element-populated\">\n\t\t\t\t\t\t<div class=\"elementor-element elementor-element-8ecf705 elementor-widget__width-initial elementor-widget elementor-widget-heading\" data-id=\"8ecf705\" data-element_type=\"widget\" data-e-type=\"widget\" data-widget_type=\"heading.default\">\n\t\t\t\t<div class=\"elementor-widget-container\">\n\t\t\t\t\t<h3 class=\"elementor-heading-title elementor-size-default\">D\u00e9couvrez comment nos fonds carbone acc\u00e9l\u00e8rent les strat\u00e9gies z\u00e9ro \u00e9mission pour les entreprises.<\/h3>\t\t\t\t<\/div>\n\t\t\t\t<\/div>\n\t\t\t\t\t<\/div>\n\t\t<\/div>\n\t\t\t\t\t<\/div>\n\t\t<\/section>\n\t\t\t\t\t<\/div>\n\t\t<\/div>\n\t\t\t\t\t<\/div>\n\t\t<\/section>\n\t\t\t\t<section class=\"elementor-section elementor-top-section elementor-element elementor-element-fed13d9 elementor-section-boxed elementor-section-height-default elementor-section-height-default\" data-id=\"fed13d9\" data-element_type=\"section\" data-e-type=\"section\">\n\t\t\t\t\t\t<div class=\"elementor-container elementor-column-gap-default\">\n\t\t\t\t\t<div class=\"elementor-column elementor-col-50 elementor-top-column elementor-element elementor-element-f55113c\" data-id=\"f55113c\" data-element_type=\"column\" data-e-type=\"column\">\n\t\t\t<div class=\"elementor-widget-wrap elementor-element-populated\">\n\t\t\t\t\t\t<div class=\"elementor-element elementor-element-ea1705e elementor-widget__width-initial elementor-widget elementor-widget-image\" data-id=\"ea1705e\" data-element_type=\"widget\" data-e-type=\"widget\" data-widget_type=\"image.default\">\n\t\t\t\t<div class=\"elementor-widget-container\">\n\t\t\t\t\t\t\t\t\t\t\t\t\t\t\t<img fetchpriority=\"high\" decoding=\"async\" width=\"768\" height=\"1024\" src=\"https:\/\/livelihoods.eu\/wp-content\/uploads\/2025\/01\/20230214_141508-1-scaled-1-768x1024.jpg\" class=\"attachment-large size-large wp-image-19126\" alt=\"Climate Action\" srcset=\"https:\/\/livelihoods.eu\/wp-content\/uploads\/2025\/01\/20230214_141508-1-scaled-1-768x1024.jpg 768w, https:\/\/livelihoods.eu\/wp-content\/uploads\/2025\/01\/20230214_141508-1-scaled-1-225x300.jpg 225w, https:\/\/livelihoods.eu\/wp-content\/uploads\/2025\/01\/20230214_141508-1-scaled-1-1152x1536.jpg 1152w, https:\/\/livelihoods.eu\/wp-content\/uploads\/2025\/01\/20230214_141508-1-scaled-1.jpg 1536w\" sizes=\"(max-width: 768px) 100vw, 768px\" \/>\t\t\t\t\t\t\t\t\t\t\t\t\t\t\t<\/div>\n\t\t\t\t<\/div>\n\t\t\t\t\t<\/div>\n\t\t<\/div>\n\t\t\t\t<div class=\"elementor-column elementor-col-50 elementor-top-column elementor-element elementor-element-19c5376\" data-id=\"19c5376\" data-element_type=\"column\" data-e-type=\"column\">\n\t\t\t<div class=\"elementor-widget-wrap elementor-element-populated\">\n\t\t\t\t\t\t<div class=\"elementor-element elementor-element-2e22a7b elementor-widget elementor-widget-text-editor\" data-id=\"2e22a7b\" data-element_type=\"widget\" data-e-type=\"widget\" data-widget_type=\"text-editor.default\">\n\t\t\t\t<div class=\"elementor-widget-container\">\n\t\t\t\t\t\t\t\t\t<p>Nos <strong>Fonds Carbone Livelihoods (LCF)<\/strong> sont des outils puissants pour les entreprises engag\u00e9es dans la lutte contre le changement climatique. Ces fonds se concentrent sur la <strong>restauration des \u00e9cosyst\u00e8mes<\/strong> et la <strong>s\u00e9questration du carbone<\/strong>, aidant les entreprises \u00e0 r\u00e9duire consid\u00e9rablement leurs \u00e9missions. En investissant dans ces fonds, les organisations partenaires contribuent \u00e0 des projets de 10 \u00e0 20 ans con\u00e7us pour restaurer des \u00e9cosyst\u00e8mes vitaux, d\u00e9velopper l&rsquo;<strong>agroforesterie<\/strong> et promouvoir l&rsquo;utilisation de <strong>foyers de cuisson efficaces<\/strong>.  <\/p>\n<p>Depuis 2011, Livelihoods a lanc\u00e9 trois fonds carbone r\u00e9ussis, dont le deuxi\u00e8me et le troisi\u00e8me en 2017 et 2021. Avec un engagement total d&rsquo;investissement de <strong>260 millions d&rsquo;euros<\/strong>, ces fonds visent \u00e0 am\u00e9liorer les conditions de vie de <strong>2,8 millions de personnes<\/strong> et \u00e0 s\u00e9questrer ou r\u00e9duire l&rsquo;\u00e9quivalent de <strong>26 millions de tonnes de CO2<\/strong>. En s\u2019associant \u00e0 Livelihoods, les investisseurs ne se contentent pas d\u2019atteindre leurs objectifs <strong>z\u00e9ro \u00e9mission<\/strong>, ils favorisent \u00e9galement un changement positif \u00e0 long terme pour les personnes et la plan\u00e8te.  <\/p>\n\t\t\t\t\t\t\t\t<\/div>\n\t\t\t\t<\/div>\n\t\t\t\t<div class=\"elementor-element elementor-element-2e6a0f4 elementor-widget elementor-widget-spacer\" data-id=\"2e6a0f4\" data-element_type=\"widget\" data-e-type=\"widget\" data-widget_type=\"spacer.default\">\n\t\t\t\t<div class=\"elementor-widget-container\">\n\t\t\t\t\t\t\t<div class=\"elementor-spacer\">\n\t\t\t<div class=\"elementor-spacer-inner\"><\/div>\n\t\t<\/div>\n\t\t\t\t\t\t<\/div>\n\t\t\t\t<\/div>\n\t\t\t\t<div class=\"elementor-element elementor-element-bc30a4e elementor-widget elementor-widget-button\" data-id=\"bc30a4e\" data-element_type=\"widget\" data-e-type=\"widget\" data-widget_type=\"button.default\">\n\t\t\t\t<div class=\"elementor-widget-container\">\n\t\t\t\t\t\t\t\t\t<div class=\"elementor-button-wrapper\">\n\t\t\t\t\t<a class=\"elementor-button elementor-button-link elementor-size-sm\" href=\"https:\/\/livelihoods.eu\/fr\/lcf\/\">\n\t\t\t\t\t\t<span class=\"elementor-button-content-wrapper\">\n\t\t\t\t\t\t\t\t\t<span class=\"elementor-button-text\">En savoir plus<\/span>\n\t\t\t\t\t<\/span>\n\t\t\t\t\t<\/a>\n\t\t\t\t<\/div>\n\t\t\t\t\t\t\t\t<\/div>\n\t\t\t\t<\/div>\n\t\t\t\t<div class=\"elementor-element elementor-element-5eaa296 elementor-widget elementor-widget-spacer\" data-id=\"5eaa296\" data-element_type=\"widget\" data-e-type=\"widget\" data-widget_type=\"spacer.default\">\n\t\t\t\t<div class=\"elementor-widget-container\">\n\t\t\t\t\t\t\t<div class=\"elementor-spacer\">\n\t\t\t<div class=\"elementor-spacer-inner\"><\/div>\n\t\t<\/div>\n\t\t\t\t\t\t<\/div>\n\t\t\t\t<\/div>\n\t\t\t\t\t<\/div>\n\t\t<\/div>\n\t\t\t\t\t<\/div>\n\t\t<\/section>\n\t\t\t\t<section class=\"elementor-section elementor-top-section elementor-element elementor-element-61babf5 elementor-section-boxed elementor-section-height-default elementor-section-height-default\" data-id=\"61babf5\" data-element_type=\"section\" data-e-type=\"section\">\n\t\t\t\t\t\t<div class=\"elementor-container elementor-column-gap-default\">\n\t\t\t\t\t<div class=\"elementor-column elementor-col-100 elementor-top-column elementor-element elementor-element-bfe4318\" data-id=\"bfe4318\" data-element_type=\"column\" data-e-type=\"column\">\n\t\t\t<div class=\"elementor-widget-wrap elementor-element-populated\">\n\t\t\t\t\t\t<div class=\"elementor-element elementor-element-0aec407 elementor-widget elementor-widget-spacer\" data-id=\"0aec407\" data-element_type=\"widget\" data-e-type=\"widget\" data-widget_type=\"spacer.default\">\n\t\t\t\t<div class=\"elementor-widget-container\">\n\t\t\t\t\t\t\t<div class=\"elementor-spacer\">\n\t\t\t<div class=\"elementor-spacer-inner\"><\/div>\n\t\t<\/div>\n\t\t\t\t\t\t<\/div>\n\t\t\t\t<\/div>\n\t\t\t\t\t<\/div>\n\t\t<\/div>\n\t\t\t\t\t<\/div>\n\t\t<\/section>\n\t\t\t\t<section class=\"elementor-section elementor-top-section elementor-element elementor-element-0982c8b elementor-section-boxed elementor-section-height-default elementor-section-height-default\" data-id=\"0982c8b\" data-element_type=\"section\" data-e-type=\"section\">\n\t\t\t\t\t\t<div class=\"elementor-container elementor-column-gap-default\">\n\t\t\t\t\t<div class=\"elementor-column elementor-col-100 elementor-top-column elementor-element elementor-element-2c3a4ad\" data-id=\"2c3a4ad\" data-element_type=\"column\" data-e-type=\"column\">\n\t\t\t<div class=\"elementor-widget-wrap elementor-element-populated\">\n\t\t\t\t\t\t<div class=\"elementor-element elementor-element-64fef90 elementor-widget elementor-widget-heading\" data-id=\"64fef90\" data-element_type=\"widget\" data-e-type=\"widget\" data-widget_type=\"heading.default\">\n\t\t\t\t<div class=\"elementor-widget-container\">\n\t\t\t\t\t<h2 class=\"elementor-heading-title elementor-size-default\">Agriculture R\u00e9g\u00e9n\u00e9ratrice<\/h2>\t\t\t\t<\/div>\n\t\t\t\t<\/div>\n\t\t\t\t<section class=\"elementor-section elementor-inner-section elementor-element elementor-element-cc7220f elementor-section-boxed elementor-section-height-default elementor-section-height-default\" data-id=\"cc7220f\" data-element_type=\"section\" data-e-type=\"section\">\n\t\t\t\t\t\t<div class=\"elementor-container elementor-column-gap-default\">\n\t\t\t\t\t<div class=\"elementor-column elementor-col-100 elementor-inner-column elementor-element elementor-element-f435d6e\" data-id=\"f435d6e\" data-element_type=\"column\" data-e-type=\"column\">\n\t\t\t<div class=\"elementor-widget-wrap elementor-element-populated\">\n\t\t\t\t\t\t<div class=\"elementor-element elementor-element-bfc5312 elementor-widget__width-initial elementor-widget elementor-widget-heading\" data-id=\"bfc5312\" data-element_type=\"widget\" data-e-type=\"widget\" data-widget_type=\"heading.default\">\n\t\t\t\t<div class=\"elementor-widget-container\">\n\t\t\t\t\t<h3 class=\"elementor-heading-title elementor-size-default\">Acc\u00e9l\u00e9rer la transition vers des cha\u00eenes d'approvisionnement durables et r\u00e9g\u00e9n\u00e9ratrices<\/h3>\t\t\t\t<\/div>\n\t\t\t\t<\/div>\n\t\t\t\t\t<\/div>\n\t\t<\/div>\n\t\t\t\t\t<\/div>\n\t\t<\/section>\n\t\t\t\t\t<\/div>\n\t\t<\/div>\n\t\t\t\t\t<\/div>\n\t\t<\/section>\n\t\t\t\t<section class=\"elementor-section elementor-top-section elementor-element elementor-element-32b0edd elementor-section-boxed elementor-section-height-default elementor-section-height-default\" data-id=\"32b0edd\" data-element_type=\"section\" data-e-type=\"section\">\n\t\t\t\t\t\t<div class=\"elementor-container elementor-column-gap-default\">\n\t\t\t\t\t<div class=\"elementor-column elementor-col-50 elementor-top-column elementor-element elementor-element-7064526\" data-id=\"7064526\" data-element_type=\"column\" data-e-type=\"column\">\n\t\t\t<div class=\"elementor-widget-wrap elementor-element-populated\">\n\t\t\t\t\t\t<section class=\"elementor-section elementor-inner-section elementor-element elementor-element-a4f48b9 elementor-section-boxed elementor-section-height-default elementor-section-height-default\" data-id=\"a4f48b9\" data-element_type=\"section\" data-e-type=\"section\">\n\t\t\t\t\t\t<div class=\"elementor-container elementor-column-gap-default\">\n\t\t\t\t\t<div class=\"elementor-column elementor-col-100 elementor-inner-column elementor-element elementor-element-23bb69b\" data-id=\"23bb69b\" data-element_type=\"column\" data-e-type=\"column\">\n\t\t\t<div class=\"elementor-widget-wrap elementor-element-populated\">\n\t\t\t\t\t\t<div class=\"elementor-element elementor-element-aaa71f9 elementor-widget elementor-widget-text-editor\" data-id=\"aaa71f9\" data-element_type=\"widget\" data-e-type=\"widget\" data-widget_type=\"text-editor.default\">\n\t\t\t\t<div class=\"elementor-widget-container\">\n\t\t\t\t\t\t\t\t\t<p>Nous aidons les marques \u00e0 transformer leurs cha\u00eenes d\u2019approvisionnement, en veillant \u00e0 ce que les agriculteurs soient \u00e9quip\u00e9s, soutenus et reconnus pour leur r\u00f4le dans l\u2019expansion de l\u2019agriculture r\u00e9g\u00e9n\u00e9rative. <strong>Gr\u00e2ce au Fonds Livelihoods pour l\u2019Agriculture Familiale (L3F)<\/strong>, nous mettons en place des m\u00e9canismes financiers et favorisons des coalitions d\u2019acteurs \u00e0 chaque \u00e9tape de la cha\u00eene de valeur pour approvisionner durablement des produits cl\u00e9s comme le cacao, l\u2019huile de palme, la noix de coco et la vanille.<\/p>\n\t\t\t\t\t\t\t\t<\/div>\n\t\t\t\t<\/div>\n\t\t\t\t<div class=\"elementor-element elementor-element-ace151e elementor-align-right elementor-widget elementor-widget-button\" data-id=\"ace151e\" data-element_type=\"widget\" data-e-type=\"widget\" data-widget_type=\"button.default\">\n\t\t\t\t<div class=\"elementor-widget-container\">\n\t\t\t\t\t\t\t\t\t<div class=\"elementor-button-wrapper\">\n\t\t\t\t\t<a class=\"elementor-button elementor-button-link elementor-size-sm\" href=\"https:\/\/livelihoods.eu\/fr\/l3f-le-fonds-livelihoods-pour-lagriculture-familiale\/\">\n\t\t\t\t\t\t<span class=\"elementor-button-content-wrapper\">\n\t\t\t\t\t\t\t\t\t<span class=\"elementor-button-text\">D\u00e9couvrez le mod\u00e8le \u00e9conomique innovant et les actions de L3F <\/span>\n\t\t\t\t\t<\/span>\n\t\t\t\t\t<\/a>\n\t\t\t\t<\/div>\n\t\t\t\t\t\t\t\t<\/div>\n\t\t\t\t<\/div>\n\t\t\t\t\t<\/div>\n\t\t<\/div>\n\t\t\t\t\t<\/div>\n\t\t<\/section>\n\t\t\t\t<div class=\"elementor-element elementor-element-d46ff92 elementor-widget elementor-widget-text-editor\" data-id=\"d46ff92\" data-element_type=\"widget\" data-e-type=\"widget\" data-widget_type=\"text-editor.default\">\n\t\t\t\t<div class=\"elementor-widget-container\">\n\t\t\t\t\t\t\t\t\t<p>Nous travaillons \u00e9troitement avec des marques d\u00e9termin\u00e9es \u00e0 rendre la transition vers l\u2019agriculture r\u00e9g\u00e9n\u00e9rative une r\u00e9alit\u00e9. Depuis 2021, nous nous sommes \u00e9tendus sur des march\u00e9s europ\u00e9ens comme la France, le Royaume-Uni et la Pologne, en concevant des projets sur-mesure qui s\u2019adaptent aux r\u00e9alit\u00e9s locales, en collaborant \u00e9troitement avec des partenaires locaux bien ancr\u00e9s. <\/p>\n\t\t\t\t\t\t\t\t<\/div>\n\t\t\t\t<\/div>\n\t\t\t\t<div class=\"elementor-element elementor-element-04445d7 elementor-align-right elementor-widget elementor-widget-button\" data-id=\"04445d7\" data-element_type=\"widget\" data-e-type=\"widget\" data-widget_type=\"button.default\">\n\t\t\t\t<div class=\"elementor-widget-container\">\n\t\t\t\t\t\t\t\t\t<div class=\"elementor-button-wrapper\">\n\t\t\t\t\t<a class=\"elementor-button elementor-button-link elementor-size-sm\" href=\"https:\/\/quicker-cheetah-30dde2.instawp.xyz\/l3f-k\/\">\n\t\t\t\t\t\t<span class=\"elementor-button-content-wrapper\">\n\t\t\t\t\t\t\t\t\t<span class=\"elementor-button-text\">En savoir plus sur notre approche de l'agriculture r\u00e9g\u00e9n\u00e9ratrice<\/span>\n\t\t\t\t\t<\/span>\n\t\t\t\t\t<\/a>\n\t\t\t\t<\/div>\n\t\t\t\t\t\t\t\t<\/div>\n\t\t\t\t<\/div>\n\t\t\t\t\t<\/div>\n\t\t<\/div>\n\t\t\t\t<div class=\"elementor-column elementor-col-50 elementor-top-column elementor-element elementor-element-1b76977\" data-id=\"1b76977\" data-element_type=\"column\" data-e-type=\"column\">\n\t\t\t<div class=\"elementor-widget-wrap elementor-element-populated\">\n\t\t\t\t\t\t<div class=\"elementor-element elementor-element-3fcbba2 elementor-widget elementor-widget-image\" data-id=\"3fcbba2\" data-element_type=\"widget\" data-e-type=\"widget\" data-widget_type=\"image.default\">\n\t\t\t\t<div class=\"elementor-widget-container\">\n\t\t\t\t\t\t\t\t\t\t\t\t\t\t\t<img decoding=\"async\" width=\"768\" height=\"1024\" src=\"https:\/\/livelihoods.eu\/wp-content\/uploads\/2024\/12\/20230215_134530-768x1024.jpg\" class=\"attachment-large size-large wp-image-18844\" alt=\"\" srcset=\"https:\/\/livelihoods.eu\/wp-content\/uploads\/2024\/12\/20230215_134530-768x1024.jpg 768w, https:\/\/livelihoods.eu\/wp-content\/uploads\/2024\/12\/20230215_134530-225x300.jpg 225w, https:\/\/livelihoods.eu\/wp-content\/uploads\/2024\/12\/20230215_134530-1152x1536.jpg 1152w, https:\/\/livelihoods.eu\/wp-content\/uploads\/2024\/12\/20230215_134530-1536x2048.jpg 1536w, https:\/\/livelihoods.eu\/wp-content\/uploads\/2024\/12\/20230215_134530-scaled.jpg 1920w\" sizes=\"(max-width: 768px) 100vw, 768px\" \/>\t\t\t\t\t\t\t\t\t\t\t\t\t\t\t<\/div>\n\t\t\t\t<\/div>\n\t\t\t\t\t<\/div>\n\t\t<\/div>\n\t\t\t\t\t<\/div>\n\t\t<\/section>\n\t\t\t\t<section class=\"elementor-section elementor-top-section elementor-element elementor-element-54b7e7e elementor-section-boxed elementor-section-height-default elementor-section-height-default\" data-id=\"54b7e7e\" data-element_type=\"section\" data-e-type=\"section\">\n\t\t\t\t\t\t<div class=\"elementor-container elementor-column-gap-default\">\n\t\t\t\t\t<div class=\"elementor-column elementor-col-100 elementor-top-column elementor-element elementor-element-cb2936f\" data-id=\"cb2936f\" data-element_type=\"column\" data-e-type=\"column\">\n\t\t\t<div class=\"elementor-widget-wrap\">\n\t\t\t\t\t\t\t<\/div>\n\t\t<\/div>\n\t\t\t\t\t<\/div>\n\t\t<\/section>\n\t\t\t\t<section class=\"elementor-section elementor-top-section elementor-element elementor-element-366665d elementor-section-boxed elementor-section-height-default elementor-section-height-default\" data-id=\"366665d\" data-element_type=\"section\" data-e-type=\"section\">\n\t\t\t\t\t\t<div class=\"elementor-container elementor-column-gap-default\">\n\t\t\t\t\t<div class=\"elementor-column elementor-col-100 elementor-top-column elementor-element elementor-element-1664a3a\" data-id=\"1664a3a\" data-element_type=\"column\" data-e-type=\"column\">\n\t\t\t<div class=\"elementor-widget-wrap elementor-element-populated\">\n\t\t\t\t\t\t<div class=\"elementor-element elementor-element-5be0f43 elementor-widget elementor-widget-spacer\" data-id=\"5be0f43\" data-element_type=\"widget\" data-e-type=\"widget\" data-widget_type=\"spacer.default\">\n\t\t\t\t<div class=\"elementor-widget-container\">\n\t\t\t\t\t\t\t<div class=\"elementor-spacer\">\n\t\t\t<div class=\"elementor-spacer-inner\"><\/div>\n\t\t<\/div>\n\t\t\t\t\t\t<\/div>\n\t\t\t\t<\/div>\n\t\t\t\t\t<\/div>\n\t\t<\/div>\n\t\t\t\t\t<\/div>\n\t\t<\/section>\n\t\t\t\t<\/div>\n\t\t","protected":false},"excerpt":{"rendered":"<p>Nos solutions Action climat D\u00e9couvrez comment nos fonds carbone acc\u00e9l\u00e8rent les strat\u00e9gies z\u00e9ro \u00e9mission pour les entreprises. Nos Fonds Carbone Livelihoods (LCF) sont des outils puissants pour les entreprises engag\u00e9es dans la lutte contre le changement climatique. Ces fonds se concentrent sur la restauration des \u00e9cosyst\u00e8mes et la s\u00e9questration du carbone, aidant les entreprises \u00e0 [&hellip;]<\/p>\n","protected":false},"author":1,"featured_media":0,"parent":0,"menu_order":0,"comment_status":"closed","ping_status":"closed","template":"","meta":{"_acf_changed":false,"_monsterinsights_skip_tracking":false,"_monsterinsights_sitenote_active":false,"_monsterinsights_sitenote_note":"","_monsterinsights_sitenote_category":0,"iawp_total_views":91,"footnotes":""},"class_list":["post-5185","page","type-page","status-publish","hentry"],"acf":[],"aioseo_notices":[],"_links":{"self":[{"href":"https:\/\/livelihoods.eu\/fr\/wp-json\/wp\/v2\/pages\/5185","targetHints":{"allow":["GET"]}}],"collection":[{"href":"https:\/\/livelihoods.eu\/fr\/wp-json\/wp\/v2\/pages"}],"about":[{"href":"https:\/\/livelihoods.eu\/fr\/wp-json\/wp\/v2\/types\/page"}],"author":[{"embeddable":true,"href":"https:\/\/livelihoods.eu\/fr\/wp-json\/wp\/v2\/users\/1"}],"replies":[{"embeddable":true,"href":"https:\/\/livelihoods.eu\/fr\/wp-json\/wp\/v2\/comments?post=5185"}],"version-history":[{"count":25,"href":"https:\/\/livelihoods.eu\/fr\/wp-json\/wp\/v2\/pages\/5185\/revisions"}],"predecessor-version":[{"id":19608,"href":"https:\/\/livelihoods.eu\/fr\/wp-json\/wp\/v2\/pages\/5185\/revisions\/19608"}],"wp:attachment":[{"href":"https:\/\/livelihoods.eu\/fr\/wp-json\/wp\/v2\/media?parent=5185"}],"curies":[{"name":"wp","href":"https:\/\/api.w.org\/{rel}","templated":true}]}}